{"id":1654,"date":"2024-03-04T01:43:14","date_gmt":"2024-03-04T01:43:14","guid":{"rendered":"https:\/\/essenled.com\/?post_type=product&#038;p=1654"},"modified":"2024-03-04T01:56:10","modified_gmt":"2024-03-04T01:56:10","slug":"skyline-linear-light-system-space-lighting","status":"publish","type":"product","link":"https:\/\/essenled.com\/cs\/produkt\/skyline-linear-light-system-space-lighting\/","title":{"rendered":"Line\u00e1rn\u00ed sv\u011bteln\u00fd syst\u00e9m Skyline Prostorov\u00e9 osv\u011btlen\u00ed"},"content":{"rendered":"","protected":false},"excerpt":{"rendered":"<p>Line\u00e1rn\u00ed sv\u011btlo Skyline Space Lighting je modern\u00ed line\u00e1rn\u00ed sv\u011btlo, inovativn\u00ed a nejinovativn\u011bj\u0161\u00ed \u0159e\u0161en\u00ed osv\u011btlen\u00ed. Vyu\u017e\u00edv\u00e1 ocelov\u00e9 p\u00e1sky, kter\u00e9 nesou LED p\u00e1sky se dv\u011bma body a jednou lini\u00ed, jako osl\u0148uj\u00edc\u00ed sv\u011btlo prot\u00ednaj\u00edc\u00ed oblohu.<\/p>\n<p><strong>P\u0159\u00edm\u00e9 osv\u011btlen\u00ed:<\/strong> sv\u011btlo sv\u00edt\u00ed sm\u011brem dol\u016f, p\u0159\u00edmo osv\u011btluje cel\u00fd prostor, neodr\u00e1\u017e\u00ed se a je pr\u016fhledn\u00e9 a jasn\u00e9;<br \/>\n<strong>Nep\u0159\u00edm\u00e9 osv\u011btlen\u00ed:<\/strong> Sv\u011btlo sv\u00edt\u00ed nahoru na strop a n\u00e1sledn\u011b nep\u0159\u00edmo osv\u011btluje m\u00edstnost odrazem. Sv\u011btlo je m\u011bkk\u00e9 a neosl\u0148uje.<br \/>\n<strong>Sv\u011bteln\u00fd efekt n\u00e1st\u011bnn\u00e9 podlo\u017eky:<\/strong> sv\u011btlo sv\u00edt\u00ed na st\u011bnu, tak\u017ee dekorace na st\u011bn\u011b je jasn\u011bj\u0161\u00ed a kr\u00e1sn\u011bj\u0161\u00ed.<\/p>\n<p>Line\u00e1rn\u00ed osv\u011btlovac\u00ed syst\u00e9my Skyline poskytuj\u00ed v\u0161estrann\u00e1 a pokro\u010dil\u00e1 \u0159e\u0161en\u00ed osv\u011btlen\u00ed pro modern\u00ed interi\u00e9ry.<\/p>","protected":false},"featured_media":1659,"template":"","meta":{"_kad_post_transparent":"default","_kad_post_title":"","_kad_post_layout":"default","_kad_post_sidebar_id":"","_kad_post_content_style":"default","_kad_post_vertical_padding":"default","_kad_post_feature":"","_kad_post_feature_position":"","_kad_post_header":false,"_kad_post_footer":false,"_kad_post_classname":""},"product_brand":[],"product_cat":[56,57],"product_tag":[669,670,673,672,674,671],"class_list":{"0":"post-1654","1":"product","2":"type-product","3":"status-publish","4":"has-post-thumbnail","6":"product_cat-skyline-linear-light","7":"product_cat-skyline-linear-light-skyline-linear-light","8":"product_tag-skyline-ambient-lighting-polarized-lighting","9":"product_tag-skyline-flexible-led-linear-lighting-luminaires","10":"product_tag-skyline-kit-linear-lighting","11":"product_tag-skyline-linear-led-lighting-modern-wall-lights","12":"product_tag-skyline-linear-lighting-kit-10-meters","13":"product_tag-skyline-linear-lighting-system","15":"first","16":"instock","17":"shipping-taxable","18":"product-type-simple","19":"entry","20":"content-bg","21":"loop-entry"},"yoast_head":"<!-- This site is optimized with the Yoast SEO Premium plugin v24.3 (Yoast SEO v26.7) - https:\/\/yoast.com\/wordpress\/plugins\/seo\/ -->\n<title>Skyline Linear Light System Space Lighting - ESSENLED<\/title>\n<meta name=\"description\" content=\"Skyline Linear Light Space Lighting is a modern linear light, the most innovative lighting solution. It uses steel strips to carry LED strips.\" \/>\n<meta name=\"robots\" content=\"index, follow, max-snippet:-1, max-image-preview:large, max-video-preview:-1\" \/>\n<link rel=\"canonical\" href=\"https:\/\/essenled.com\/cs\/produkt\/skyline-linear-light-system-space-lighting\/\" \/>\n<meta property=\"og:locale\" content=\"cs_CZ\" \/>\n<meta property=\"og:type\" content=\"article\" \/>\n<meta property=\"og:title\" content=\"Skyline Linear Light System Space Lighting\" \/>\n<meta property=\"og:description\" content=\"Skyline Linear Light Space Lighting is a modern linear light, the most innovative lighting solution. It uses steel strips to carry LED strips.\" \/>\n<meta property=\"og:url\" content=\"https:\/\/essenled.com\/cs\/produkt\/skyline-linear-light-system-space-lighting\/\" \/>\n<meta property=\"og:site_name\" content=\"ESSENLED\" \/>\n<meta property=\"article:modified_time\" content=\"2024-03-04T01:56:10+00:00\" \/>\n<meta property=\"og:image\" content=\"https:\/\/essenled.com\/wp-content\/uploads\/2024\/03\/SKYline-linear-lighting-kit-10-meters.webp\" \/>\n\t<meta property=\"og:image:width\" content=\"800\" \/>\n\t<meta property=\"og:image:height\" content=\"800\" \/>\n\t<meta property=\"og:image:type\" content=\"image\/webp\" \/>\n<meta name=\"twitter:card\" content=\"summary_large_image\" \/>\n<meta name=\"twitter:label1\" content=\"Odhadovan\u00e1 doba \u010dten\u00ed\" \/>\n\t<meta name=\"twitter:data1\" content=\"1 minuta\" \/>\n<script type=\"application\/ld+json\" class=\"yoast-schema-graph\">{\"@context\":\"https:\/\/schema.org\",\"@graph\":[{\"@type\":\"WebPage\",\"@id\":\"https:\/\/essenled.com\/ro\/produs\/skyline-linear-light-system-space-lighting\/\",\"url\":\"https:\/\/essenled.com\/ro\/produs\/skyline-linear-light-system-space-lighting\/\",\"name\":\"Skyline Linear Light System Space Lighting - ESSENLED\",\"isPartOf\":{\"@id\":\"https:\/\/essenled.com\/#website\"},\"primaryImageOfPage\":{\"@id\":\"https:\/\/essenled.com\/ro\/produs\/skyline-linear-light-system-space-lighting\/#primaryimage\"},\"image\":{\"@id\":\"https:\/\/essenled.com\/ro\/produs\/skyline-linear-light-system-space-lighting\/#primaryimage\"},\"thumbnailUrl\":\"https:\/\/essenled.com\/wp-content\/uploads\/2024\/03\/SKYline-linear-lighting-kit-10-meters.webp\",\"datePublished\":\"2024-03-04T01:43:14+00:00\",\"dateModified\":\"2024-03-04T01:56:10+00:00\",\"description\":\"Skyline Linear Light Space Lighting is a modern linear light, the most innovative lighting solution. It uses steel strips to carry LED strips.\",\"breadcrumb\":{\"@id\":\"https:\/\/essenled.com\/ro\/produs\/skyline-linear-light-system-space-lighting\/#breadcrumb\"},\"inLanguage\":\"cs\",\"potentialAction\":[{\"@type\":\"ReadAction\",\"target\":[\"https:\/\/essenled.com\/ro\/produs\/skyline-linear-light-system-space-lighting\/\"]}]},{\"@type\":\"ImageObject\",\"inLanguage\":\"cs\",\"@id\":\"https:\/\/essenled.com\/ro\/produs\/skyline-linear-light-system-space-lighting\/#primaryimage\",\"url\":\"https:\/\/essenled.com\/wp-content\/uploads\/2024\/03\/SKYline-linear-lighting-kit-10-meters.webp\",\"contentUrl\":\"https:\/\/essenled.com\/wp-content\/uploads\/2024\/03\/SKYline-linear-lighting-kit-10-meters.webp\",\"width\":800,\"height\":800,\"caption\":\"SKYline linear lighting kit 10 meters\"},{\"@type\":\"BreadcrumbList\",\"@id\":\"https:\/\/essenled.com\/ro\/produs\/skyline-linear-light-system-space-lighting\/#breadcrumb\",\"itemListElement\":[{\"@type\":\"ListItem\",\"position\":1,\"name\":\"Home\",\"item\":\"https:\/\/essenled.com\/\"},{\"@type\":\"ListItem\",\"position\":2,\"name\":\"Product\",\"item\":\"https:\/\/essenled.com\/fr\/product\/\"},{\"@type\":\"ListItem\",\"position\":3,\"name\":\"Skyline Linear Light System Space Lighting\"}]},{\"@type\":\"WebSite\",\"@id\":\"https:\/\/essenled.com\/#website\",\"url\":\"https:\/\/essenled.com\/\",\"name\":\"ESSENLED\",\"description\":\"\",\"publisher\":{\"@id\":\"https:\/\/essenled.com\/#organization\"},\"potentialAction\":[{\"@type\":\"SearchAction\",\"target\":{\"@type\":\"EntryPoint\",\"urlTemplate\":\"https:\/\/essenled.com\/?s={search_term_string}\"},\"query-input\":{\"@type\":\"PropertyValueSpecification\",\"valueRequired\":true,\"valueName\":\"search_term_string\"}}],\"inLanguage\":\"cs\"},{\"@type\":\"Organization\",\"@id\":\"https:\/\/essenled.com\/#organization\",\"name\":\"ESSENLED\",\"url\":\"https:\/\/essenled.com\/\",\"logo\":{\"@type\":\"ImageObject\",\"inLanguage\":\"cs\",\"@id\":\"https:\/\/essenled.com\/#\/schema\/logo\/image\/\",\"url\":\"https:\/\/essenled.com\/wp-content\/uploads\/2024\/01\/Essen-logo.png\",\"contentUrl\":\"https:\/\/essenled.com\/wp-content\/uploads\/2024\/01\/Essen-logo.png\",\"width\":800,\"height\":110,\"caption\":\"ESSENLED\"},\"image\":{\"@id\":\"https:\/\/essenled.com\/#\/schema\/logo\/image\/\"}}]}<\/script>\n<!-- \/ Yoast SEO Premium plugin. -->","yoast_head_json":{"title":"Line\u00e1rn\u00ed sv\u011bteln\u00fd syst\u00e9m Skyline Prostorov\u00e9 osv\u011btlen\u00ed - ESSENLED","description":"Line\u00e1rn\u00ed sv\u011btlo Skyline Space Lighting je modern\u00ed line\u00e1rn\u00ed sv\u011btlo, nejinovativn\u011bj\u0161\u00ed \u0159e\u0161en\u00ed osv\u011btlen\u00ed. Vyu\u017e\u00edv\u00e1 ocelov\u00e9 p\u00e1sky, kter\u00e9 nesou LED p\u00e1sky.","robots":{"index":"index","follow":"follow","max-snippet":"max-snippet:-1","max-image-preview":"max-image-preview:large","max-video-preview":"max-video-preview:-1"},"canonical":"https:\/\/essenled.com\/cs\/produkt\/skyline-linear-light-system-space-lighting\/","og_locale":"cs_CZ","og_type":"article","og_title":"Skyline Linear Light System Space Lighting","og_description":"Skyline Linear Light Space Lighting is a modern linear light, the most innovative lighting solution. It uses steel strips to carry LED strips.","og_url":"https:\/\/essenled.com\/cs\/produkt\/skyline-linear-light-system-space-lighting\/","og_site_name":"ESSENLED","article_modified_time":"2024-03-04T01:56:10+00:00","og_image":[{"width":800,"height":800,"url":"https:\/\/essenled.com\/wp-content\/uploads\/2024\/03\/SKYline-linear-lighting-kit-10-meters.webp","type":"image\/webp"}],"twitter_card":"summary_large_image","twitter_misc":{"Odhadovan\u00e1 doba \u010dten\u00ed":"1 minuta"},"schema":{"@context":"https:\/\/schema.org","@graph":[{"@type":"WebPage","@id":"https:\/\/essenled.com\/ro\/produs\/skyline-linear-light-system-space-lighting\/","url":"https:\/\/essenled.com\/ro\/produs\/skyline-linear-light-system-space-lighting\/","name":"Line\u00e1rn\u00ed sv\u011bteln\u00fd syst\u00e9m Skyline Prostorov\u00e9 osv\u011btlen\u00ed - ESSENLED","isPartOf":{"@id":"https:\/\/essenled.com\/#website"},"primaryImageOfPage":{"@id":"https:\/\/essenled.com\/ro\/produs\/skyline-linear-light-system-space-lighting\/#primaryimage"},"image":{"@id":"https:\/\/essenled.com\/ro\/produs\/skyline-linear-light-system-space-lighting\/#primaryimage"},"thumbnailUrl":"https:\/\/essenled.com\/wp-content\/uploads\/2024\/03\/SKYline-linear-lighting-kit-10-meters.webp","datePublished":"2024-03-04T01:43:14+00:00","dateModified":"2024-03-04T01:56:10+00:00","description":"Line\u00e1rn\u00ed sv\u011btlo Skyline Space Lighting je modern\u00ed line\u00e1rn\u00ed sv\u011btlo, nejinovativn\u011bj\u0161\u00ed \u0159e\u0161en\u00ed osv\u011btlen\u00ed. Vyu\u017e\u00edv\u00e1 ocelov\u00e9 p\u00e1sky, kter\u00e9 nesou LED p\u00e1sky.","breadcrumb":{"@id":"https:\/\/essenled.com\/ro\/produs\/skyline-linear-light-system-space-lighting\/#breadcrumb"},"inLanguage":"cs","potentialAction":[{"@type":"ReadAction","target":["https:\/\/essenled.com\/ro\/produs\/skyline-linear-light-system-space-lighting\/"]}]},{"@type":"ImageObject","inLanguage":"cs","@id":"https:\/\/essenled.com\/ro\/produs\/skyline-linear-light-system-space-lighting\/#primaryimage","url":"https:\/\/essenled.com\/wp-content\/uploads\/2024\/03\/SKYline-linear-lighting-kit-10-meters.webp","contentUrl":"https:\/\/essenled.com\/wp-content\/uploads\/2024\/03\/SKYline-linear-lighting-kit-10-meters.webp","width":800,"height":800,"caption":"SKYline linear lighting kit 10 meters"},{"@type":"BreadcrumbList","@id":"https:\/\/essenled.com\/ro\/produs\/skyline-linear-light-system-space-lighting\/#breadcrumb","itemListElement":[{"@type":"ListItem","position":1,"name":"Home","item":"https:\/\/essenled.com\/"},{"@type":"ListItem","position":2,"name":"Product","item":"https:\/\/essenled.com\/fr\/product\/"},{"@type":"ListItem","position":3,"name":"Skyline Linear Light System Space Lighting"}]},{"@type":"WebSite","@id":"https:\/\/essenled.com\/#website","url":"https:\/\/essenled.com\/","name":"ESSENLED","description":"","publisher":{"@id":"https:\/\/essenled.com\/#organization"},"potentialAction":[{"@type":"SearchAction","target":{"@type":"EntryPoint","urlTemplate":"https:\/\/essenled.com\/?s={search_term_string}"},"query-input":{"@type":"PropertyValueSpecification","valueRequired":true,"valueName":"search_term_string"}}],"inLanguage":"cs"},{"@type":"Organization","@id":"https:\/\/essenled.com\/#organization","name":"ESSENLED","url":"https:\/\/essenled.com\/","logo":{"@type":"ImageObject","inLanguage":"cs","@id":"https:\/\/essenled.com\/#\/schema\/logo\/image\/","url":"https:\/\/essenled.com\/wp-content\/uploads\/2024\/01\/Essen-logo.png","contentUrl":"https:\/\/essenled.com\/wp-content\/uploads\/2024\/01\/Essen-logo.png","width":800,"height":110,"caption":"ESSENLED"},"image":{"@id":"https:\/\/essenled.com\/#\/schema\/logo\/image\/"}}]}},"_links":{"self":[{"href":"https:\/\/essenled.com\/cs\/wp-json\/wp\/v2\/product\/1654","targetHints":{"allow":["GET"]}}],"collection":[{"href":"https:\/\/essenled.com\/cs\/wp-json\/wp\/v2\/product"}],"about":[{"href":"https:\/\/essenled.com\/cs\/wp-json\/wp\/v2\/types\/product"}],"version-history":[{"count":3,"href":"https:\/\/essenled.com\/cs\/wp-json\/wp\/v2\/product\/1654\/revisions"}],"predecessor-version":[{"id":1663,"href":"https:\/\/essenled.com\/cs\/wp-json\/wp\/v2\/product\/1654\/revisions\/1663"}],"wp:featuredmedia":[{"embeddable":true,"href":"https:\/\/essenled.com\/cs\/wp-json\/wp\/v2\/media\/1659"}],"wp:attachment":[{"href":"https:\/\/essenled.com\/cs\/wp-json\/wp\/v2\/media?parent=1654"}],"wp:term":[{"taxonomy":"product_brand","embeddable":true,"href":"https:\/\/essenled.com\/cs\/wp-json\/wp\/v2\/product_brand?post=1654"},{"taxonomy":"product_cat","embeddable":true,"href":"https:\/\/essenled.com\/cs\/wp-json\/wp\/v2\/product_cat?post=1654"},{"taxonomy":"product_tag","embeddable":true,"href":"https:\/\/essenled.com\/cs\/wp-json\/wp\/v2\/product_tag?post=1654"}],"curies":[{"name":"wp","href":"https:\/\/api.w.org\/{rel}","templated":true}]}}