{"id":1428,"date":"2024-02-29T06:15:33","date_gmt":"2024-02-29T06:15:33","guid":{"rendered":"https:\/\/essenled.com\/?post_type=product&#038;p=1428"},"modified":"2024-02-29T06:31:35","modified_gmt":"2024-02-29T06:31:35","slug":"top-view-16mm-led-neon-flex-270-degree","status":"publish","type":"product","link":"https:\/\/essenled.com\/cs\/produkt\/top-view-16mm-led-neon-flex-270-degree\/","title":{"rendered":"Pohled shora 16MM LED neon Flex 270 stup\u0148\u016f - D16"},"content":{"rendered":"","protected":false},"excerpt":{"rendered":"<p>Pohled shora 16MM LED Neon Flex 270 Degree-D16, tento silikonov\u00fd neonov\u00fd flex je vyroben ze silikonov\u00e9ho materi\u00e1lu \u0161etrn\u00e9ho k \u017eivotn\u00edmu prost\u0159ed\u00ed. M\u00e1 \u00fahel sv\u00edcen\u00ed 270 stup\u0148\u016f, kter\u00fd je vytla\u010dov\u00e1n z jednoho kusu.<\/p>\n<p>270 stup\u0148\u016f LED Neon Flex je k dispozici v 5w a 10w proveden\u00ed, kter\u00e9 spl\u0148uje r\u016fzn\u00e9 po\u017eadavky na v\u00fdkon. Stupe\u0148 kryt\u00ed dosahuje IP67, co\u017e je velmi vhodn\u00e9 pro dlouhodob\u00e9 venkovn\u00ed pou\u017eit\u00ed, a povrch nen\u00ed snadn\u00e9 ze\u017eloutnout.<\/p>\n<p>IP67 270 stup\u0148\u016f LED Neon Flex propustnost sv\u011btla je extr\u00e9mn\u011b vysok\u00e1 a lze jej pou\u017e\u00edt pro osv\u011btlen\u00ed v\u00fdv\u011bsn\u00edch \u0161t\u00edt\u016f, vnit\u0159n\u00ed i venkovn\u00ed dekorativn\u00ed osv\u011btlen\u00ed a architektonick\u00e9 obrysov\u00e9 osv\u011btlen\u00ed.<\/p>\n<p>N\u00e1\u0161 LED neon flex pohled shora D16 Po \"9 hlavn\u00edch testech\" je odoln\u00fd v\u016f\u010di kyselin\u011b chlorovod\u00edkov\u00e9, kysel\u00e9 a alkalick\u00e9 korozi, neho\u0159lav\u00fd a odoln\u00fd v\u016f\u010di UV z\u00e1\u0159en\u00ed a jeho kvalita je spolehliv\u00e1 a zaru\u010den\u00e1.<\/p>","protected":false},"featured_media":1434,"template":"","meta":{"_kad_post_transparent":"default","_kad_post_title":"","_kad_post_layout":"default","_kad_post_sidebar_id":"","_kad_post_content_style":"default","_kad_post_vertical_padding":"default","_kad_post_feature":"","_kad_post_feature_position":"","_kad_post_header":false,"_kad_post_footer":false,"_kad_post_classname":""},"product_brand":[],"product_cat":[39,41],"product_tag":[522,525,524,523,521,526],"class_list":{"0":"post-1428","1":"product","2":"type-product","3":"status-publish","4":"has-post-thumbnail","6":"product_cat-neon-strip","7":"product_cat-top-bend-neon-series","8":"product_tag-16mm-diameter-led-neon-strip","9":"product_tag-16mm-led-neon-flex-5w-10w","10":"product_tag-270-degree-view-neon-flex-5w-10w","11":"product_tag-270-degree-view-neon-flex-strip","12":"product_tag-d16-270-degree-view-neon-led-strip","13":"product_tag-ip67-270-degree-led-neon-flex","15":"first","16":"instock","17":"shipping-taxable","18":"product-type-simple","19":"entry","20":"content-bg","21":"loop-entry"},"yoast_head":"<!-- This site is optimized with the Yoast SEO Premium plugin v24.3 (Yoast SEO v27.4) - https:\/\/yoast.com\/product\/yoast-seo-premium-wordpress\/ -->\n<title>Top View 16MM LED Neon Flex 270 Degree - D16 - ESSENLED<\/title>\n<meta name=\"description\" content=\"Top view 16MM LED Neon Flex 270 Degree-D16, is made of environmentally friendly silicone material. It has a 270-degree lighting angle.\" \/>\n<meta name=\"robots\" content=\"index, follow, max-snippet:-1, max-image-preview:large, max-video-preview:-1\" \/>\n<link rel=\"canonical\" href=\"https:\/\/essenled.com\/cs\/produkt\/top-view-16mm-led-neon-flex-270-degree\/\" \/>\n<meta property=\"og:locale\" content=\"cs_CZ\" \/>\n<meta property=\"og:type\" content=\"article\" \/>\n<meta property=\"og:title\" content=\"Top View 16MM LED Neon Flex 270 Degree - D16\" \/>\n<meta property=\"og:description\" content=\"Top view 16MM LED Neon Flex 270 Degree-D16, is made of environmentally friendly silicone material. It has a 270-degree lighting angle.\" \/>\n<meta property=\"og:url\" content=\"https:\/\/essenled.com\/cs\/produkt\/top-view-16mm-led-neon-flex-270-degree\/\" \/>\n<meta property=\"og:site_name\" content=\"ESSENLED\" \/>\n<meta property=\"article:modified_time\" content=\"2024-02-29T06:31:35+00:00\" \/>\n<meta property=\"og:image\" content=\"https:\/\/essenled.com\/wp-content\/uploads\/2024\/02\/D16-270-Degree-View-NEON-LED-STRIP.webp\" \/>\n\t<meta property=\"og:image:width\" content=\"800\" \/>\n\t<meta property=\"og:image:height\" content=\"800\" \/>\n\t<meta property=\"og:image:type\" content=\"image\/webp\" \/>\n<meta name=\"twitter:card\" content=\"summary_large_image\" \/>\n<meta name=\"twitter:label1\" content=\"Odhadovan\u00e1 doba \u010dten\u00ed\" \/>\n\t<meta name=\"twitter:data1\" content=\"1 minuta\" \/>\n<script type=\"application\/ld+json\" class=\"yoast-schema-graph\">{\"@context\":\"https:\\\/\\\/schema.org\",\"@graph\":[{\"@type\":\"WebPage\",\"@id\":\"https:\\\/\\\/essenled.com\\\/product\\\/top-view-16mm-led-neon-flex-270-degree\\\/\",\"url\":\"https:\\\/\\\/essenled.com\\\/product\\\/top-view-16mm-led-neon-flex-270-degree\\\/\",\"name\":\"Top View 16MM LED Neon Flex 270 Degree - D16 - ESSENLED\",\"isPartOf\":{\"@id\":\"https:\\\/\\\/essenled.com\\\/#website\"},\"primaryImageOfPage\":{\"@id\":\"https:\\\/\\\/essenled.com\\\/product\\\/top-view-16mm-led-neon-flex-270-degree\\\/#primaryimage\"},\"image\":{\"@id\":\"https:\\\/\\\/essenled.com\\\/product\\\/top-view-16mm-led-neon-flex-270-degree\\\/#primaryimage\"},\"thumbnailUrl\":\"https:\\\/\\\/essenled.com\\\/wp-content\\\/uploads\\\/2024\\\/02\\\/D16-270-Degree-View-NEON-LED-STRIP.webp\",\"datePublished\":\"2024-02-29T06:15:33+00:00\",\"dateModified\":\"2024-02-29T06:31:35+00:00\",\"description\":\"Top view 16MM LED Neon Flex 270 Degree-D16, is made of environmentally friendly silicone material. It has a 270-degree lighting angle.\",\"breadcrumb\":{\"@id\":\"https:\\\/\\\/essenled.com\\\/product\\\/top-view-16mm-led-neon-flex-270-degree\\\/#breadcrumb\"},\"inLanguage\":\"cs\",\"potentialAction\":[{\"@type\":\"ReadAction\",\"target\":[\"https:\\\/\\\/essenled.com\\\/product\\\/top-view-16mm-led-neon-flex-270-degree\\\/\"]}]},{\"@type\":\"ImageObject\",\"inLanguage\":\"cs\",\"@id\":\"https:\\\/\\\/essenled.com\\\/product\\\/top-view-16mm-led-neon-flex-270-degree\\\/#primaryimage\",\"url\":\"https:\\\/\\\/essenled.com\\\/wp-content\\\/uploads\\\/2024\\\/02\\\/D16-270-Degree-View-NEON-LED-STRIP.webp\",\"contentUrl\":\"https:\\\/\\\/essenled.com\\\/wp-content\\\/uploads\\\/2024\\\/02\\\/D16-270-Degree-View-NEON-LED-STRIP.webp\",\"width\":800,\"height\":800,\"caption\":\"D16 270 Degree View NEON LED STRIP\"},{\"@type\":\"BreadcrumbList\",\"@id\":\"https:\\\/\\\/essenled.com\\\/product\\\/top-view-16mm-led-neon-flex-270-degree\\\/#breadcrumb\",\"itemListElement\":[{\"@type\":\"ListItem\",\"position\":1,\"name\":\"Home\",\"item\":\"https:\\\/\\\/essenled.com\\\/\"},{\"@type\":\"ListItem\",\"position\":2,\"name\":\"Product\",\"item\":\"https:\\\/\\\/essenled.com\\\/fr\\\/product\\\/\"},{\"@type\":\"ListItem\",\"position\":3,\"name\":\"Top View 16MM LED Neon Flex 270 Degree &#8211; D16\"}]},{\"@type\":\"WebSite\",\"@id\":\"https:\\\/\\\/essenled.com\\\/#website\",\"url\":\"https:\\\/\\\/essenled.com\\\/\",\"name\":\"ESSENLED\",\"description\":\"\",\"publisher\":{\"@id\":\"https:\\\/\\\/essenled.com\\\/#organization\"},\"potentialAction\":[{\"@type\":\"SearchAction\",\"target\":{\"@type\":\"EntryPoint\",\"urlTemplate\":\"https:\\\/\\\/essenled.com\\\/?s={search_term_string}\"},\"query-input\":{\"@type\":\"PropertyValueSpecification\",\"valueRequired\":true,\"valueName\":\"search_term_string\"}}],\"inLanguage\":\"cs\"},{\"@type\":\"Organization\",\"@id\":\"https:\\\/\\\/essenled.com\\\/#organization\",\"name\":\"ESSENLED\",\"url\":\"https:\\\/\\\/essenled.com\\\/\",\"logo\":{\"@type\":\"ImageObject\",\"inLanguage\":\"cs\",\"@id\":\"https:\\\/\\\/essenled.com\\\/#\\\/schema\\\/logo\\\/image\\\/\",\"url\":\"https:\\\/\\\/essenled.com\\\/wp-content\\\/uploads\\\/2024\\\/01\\\/Essen-logo.png\",\"contentUrl\":\"https:\\\/\\\/essenled.com\\\/wp-content\\\/uploads\\\/2024\\\/01\\\/Essen-logo.png\",\"width\":800,\"height\":110,\"caption\":\"ESSENLED\"},\"image\":{\"@id\":\"https:\\\/\\\/essenled.com\\\/#\\\/schema\\\/logo\\\/image\\\/\"}}]}<\/script>\n<!-- \/ Yoast SEO Premium plugin. -->","yoast_head_json":{"title":"Pohled shora 16MM LED neon Flex 270 stup\u0148\u016f - D16 - ESSENLED","description":"Pohled shora 16MM LED Neon Flex 270 Degree-D16, je vyroben z ekologick\u00e9ho silikonov\u00e9ho materi\u00e1lu. M\u00e1 \u00fahel sv\u00edcen\u00ed 270 stup\u0148\u016f.","robots":{"index":"index","follow":"follow","max-snippet":"max-snippet:-1","max-image-preview":"max-image-preview:large","max-video-preview":"max-video-preview:-1"},"canonical":"https:\/\/essenled.com\/cs\/produkt\/top-view-16mm-led-neon-flex-270-degree\/","og_locale":"cs_CZ","og_type":"article","og_title":"Top View 16MM LED Neon Flex 270 Degree - D16","og_description":"Top view 16MM LED Neon Flex 270 Degree-D16, is made of environmentally friendly silicone material. It has a 270-degree lighting angle.","og_url":"https:\/\/essenled.com\/cs\/produkt\/top-view-16mm-led-neon-flex-270-degree\/","og_site_name":"ESSENLED","article_modified_time":"2024-02-29T06:31:35+00:00","og_image":[{"width":800,"height":800,"url":"https:\/\/essenled.com\/wp-content\/uploads\/2024\/02\/D16-270-Degree-View-NEON-LED-STRIP.webp","type":"image\/webp"}],"twitter_card":"summary_large_image","twitter_misc":{"Odhadovan\u00e1 doba \u010dten\u00ed":"1 minuta"},"schema":{"@context":"https:\/\/schema.org","@graph":[{"@type":"WebPage","@id":"https:\/\/essenled.com\/product\/top-view-16mm-led-neon-flex-270-degree\/","url":"https:\/\/essenled.com\/product\/top-view-16mm-led-neon-flex-270-degree\/","name":"Pohled shora 16MM LED neon Flex 270 stup\u0148\u016f - D16 - ESSENLED","isPartOf":{"@id":"https:\/\/essenled.com\/#website"},"primaryImageOfPage":{"@id":"https:\/\/essenled.com\/product\/top-view-16mm-led-neon-flex-270-degree\/#primaryimage"},"image":{"@id":"https:\/\/essenled.com\/product\/top-view-16mm-led-neon-flex-270-degree\/#primaryimage"},"thumbnailUrl":"https:\/\/essenled.com\/wp-content\/uploads\/2024\/02\/D16-270-Degree-View-NEON-LED-STRIP.webp","datePublished":"2024-02-29T06:15:33+00:00","dateModified":"2024-02-29T06:31:35+00:00","description":"Pohled shora 16MM LED Neon Flex 270 Degree-D16, je vyroben z ekologick\u00e9ho silikonov\u00e9ho materi\u00e1lu. M\u00e1 \u00fahel sv\u00edcen\u00ed 270 stup\u0148\u016f.","breadcrumb":{"@id":"https:\/\/essenled.com\/product\/top-view-16mm-led-neon-flex-270-degree\/#breadcrumb"},"inLanguage":"cs","potentialAction":[{"@type":"ReadAction","target":["https:\/\/essenled.com\/product\/top-view-16mm-led-neon-flex-270-degree\/"]}]},{"@type":"ImageObject","inLanguage":"cs","@id":"https:\/\/essenled.com\/product\/top-view-16mm-led-neon-flex-270-degree\/#primaryimage","url":"https:\/\/essenled.com\/wp-content\/uploads\/2024\/02\/D16-270-Degree-View-NEON-LED-STRIP.webp","contentUrl":"https:\/\/essenled.com\/wp-content\/uploads\/2024\/02\/D16-270-Degree-View-NEON-LED-STRIP.webp","width":800,"height":800,"caption":"D16 270 Degree View NEON LED STRIP"},{"@type":"BreadcrumbList","@id":"https:\/\/essenled.com\/product\/top-view-16mm-led-neon-flex-270-degree\/#breadcrumb","itemListElement":[{"@type":"ListItem","position":1,"name":"Home","item":"https:\/\/essenled.com\/"},{"@type":"ListItem","position":2,"name":"Product","item":"https:\/\/essenled.com\/fr\/product\/"},{"@type":"ListItem","position":3,"name":"Top View 16MM LED Neon Flex 270 Degree &#8211; D16"}]},{"@type":"WebSite","@id":"https:\/\/essenled.com\/#website","url":"https:\/\/essenled.com\/","name":"ESSENLED","description":"","publisher":{"@id":"https:\/\/essenled.com\/#organization"},"potentialAction":[{"@type":"SearchAction","target":{"@type":"EntryPoint","urlTemplate":"https:\/\/essenled.com\/?s={search_term_string}"},"query-input":{"@type":"PropertyValueSpecification","valueRequired":true,"valueName":"search_term_string"}}],"inLanguage":"cs"},{"@type":"Organization","@id":"https:\/\/essenled.com\/#organization","name":"ESSENLED","url":"https:\/\/essenled.com\/","logo":{"@type":"ImageObject","inLanguage":"cs","@id":"https:\/\/essenled.com\/#\/schema\/logo\/image\/","url":"https:\/\/essenled.com\/wp-content\/uploads\/2024\/01\/Essen-logo.png","contentUrl":"https:\/\/essenled.com\/wp-content\/uploads\/2024\/01\/Essen-logo.png","width":800,"height":110,"caption":"ESSENLED"},"image":{"@id":"https:\/\/essenled.com\/#\/schema\/logo\/image\/"}}]}},"_links":{"self":[{"href":"https:\/\/essenled.com\/cs\/wp-json\/wp\/v2\/product\/1428","targetHints":{"allow":["GET"]}}],"collection":[{"href":"https:\/\/essenled.com\/cs\/wp-json\/wp\/v2\/product"}],"about":[{"href":"https:\/\/essenled.com\/cs\/wp-json\/wp\/v2\/types\/product"}],"version-history":[{"count":2,"href":"https:\/\/essenled.com\/cs\/wp-json\/wp\/v2\/product\/1428\/revisions"}],"predecessor-version":[{"id":1451,"href":"https:\/\/essenled.com\/cs\/wp-json\/wp\/v2\/product\/1428\/revisions\/1451"}],"wp:featuredmedia":[{"embeddable":true,"href":"https:\/\/essenled.com\/cs\/wp-json\/wp\/v2\/media\/1434"}],"wp:attachment":[{"href":"https:\/\/essenled.com\/cs\/wp-json\/wp\/v2\/media?parent=1428"}],"wp:term":[{"taxonomy":"product_brand","embeddable":true,"href":"https:\/\/essenled.com\/cs\/wp-json\/wp\/v2\/product_brand?post=1428"},{"taxonomy":"product_cat","embeddable":true,"href":"https:\/\/essenled.com\/cs\/wp-json\/wp\/v2\/product_cat?post=1428"},{"taxonomy":"product_tag","embeddable":true,"href":"https:\/\/essenled.com\/cs\/wp-json\/wp\/v2\/product_tag?post=1428"}],"curies":[{"name":"wp","href":"https:\/\/api.w.org\/{rel}","templated":true}]}}