{"id":1403,"date":"2024-02-28T10:44:23","date_gmt":"2024-02-28T10:44:23","guid":{"rendered":"https:\/\/essenled.com\/?post_type=product&#038;p=1403"},"modified":"2025-02-06T06:44:48","modified_gmt":"2025-02-06T06:44:48","slug":"360-degree-round-led-neon-flex","status":"publish","type":"product","link":"https:\/\/essenled.com\/cs\/produkt\/360-degree-round-led-neon-flex\/","title":{"rendered":"360 stup\u0148\u016f kulat\u00fd LED neon Flex - R25"},"content":{"rendered":"","protected":false},"excerpt":{"rendered":"<p>360 stup\u0148ov\u00e9 kruhov\u00e9 neonov\u00e9 LED flexibiln\u00ed sv\u011btlo R25, kulat\u00fd nebo v\u00e1lcov\u00fd tvar. Tento v\u00fdrobek je vyroben jednod\u00edln\u00fdm vst\u0159ikov\u00e1n\u00edm silikonu. Nejdel\u0161\u00ed d\u00e9lka m\u016f\u017ee b\u00fdt 10 metr\u016f a jsou podporov\u00e1ny i d\u00e9lky na m\u00edru.<\/p>\n<p>Ohebn\u00e1 neonov\u00e1 sv\u011btla LED vyza\u0159uj\u00ed sv\u011btlo do v\u0161ech sm\u011br\u016f a zaji\u0161\u0165uj\u00ed rovnom\u011brn\u00e9 osv\u011btlen\u00ed po cel\u00e9m obvodu. Tato vlastnost zaji\u0161\u0165uje pln\u00e9 pokryt\u00ed a viditelnost sv\u011bteln\u00e9ho v\u00fdkonu. Kruhov\u00e1 neonov\u00e1 flexibiln\u00ed sv\u011btla LED s rozsahem 360 stup\u0148\u016f umo\u017e\u0148uj\u00ed r\u016fzn\u00e9 mo\u017enosti instalace, v\u010detn\u011b obt\u00e9k\u00e1n\u00ed k\u0159ivek, obkreslov\u00e1n\u00ed kruhov\u00fdch struktur a vytv\u00e1\u0159en\u00ed vlastn\u00edch tvar\u016f a vzor\u016f.<\/p>\n<p>360stup\u0148ov\u00e1 kruhov\u00e1 neonov\u00e1 flexibiln\u00ed sv\u011btla LED maj\u00ed b\u011b\u017en\u00e9 v\u00fdkony 5 W\/m, 10 W\/m a 15 W\/m a podporuj\u00ed tak\u00e9 p\u0159izp\u016fsoben\u00fd v\u00fdkon.<\/p>\n<p>360\u00b0 kruhov\u00e1 neonov\u00e1 flexibiln\u00ed sv\u011btla LED jsou vhodn\u00e1 pro r\u016fzn\u00e9 aplikace, kter\u00e9 vy\u017eaduj\u00ed rovnom\u011brn\u00e9 a poutav\u00e9 sv\u011bteln\u00e9 efekty.<\/p>","protected":false},"featured_media":1405,"template":"","meta":{"_kad_post_transparent":"default","_kad_post_title":"","_kad_post_layout":"default","_kad_post_sidebar_id":"","_kad_post_content_style":"default","_kad_post_vertical_padding":"default","_kad_post_feature":"","_kad_post_feature_position":"","_kad_post_header":false,"_kad_post_footer":false,"_kad_post_classname":""},"product_brand":[],"product_cat":[40,39],"product_tag":[509,513,514,511,512,510],"class_list":{"0":"post-1403","1":"product","2":"type-product","3":"status-publish","4":"has-post-thumbnail","6":"product_cat-360-degree-neon-series","7":"product_cat-neon-strip","8":"product_tag-360-degree-round-led-neon-flex","9":"product_tag-360-degree-round-waterproof-flex-neon-led","10":"product_tag-360-beam-angle-led-neon-flex","11":"product_tag-360-illuminte-round-silincone-lights","12":"product_tag-360illuminated-led-neon-light","13":"product_tag-neon-flex-360","15":"first","16":"instock","17":"featured","18":"shipping-taxable","19":"product-type-simple","20":"entry","21":"content-bg","22":"loop-entry"},"yoast_head":"<!-- This site is optimized with the Yoast SEO Premium plugin v24.3 (Yoast SEO v26.7) - https:\/\/yoast.com\/wordpress\/plugins\/seo\/ -->\n<title>360 Degree Round LED Neon Flex - R25 - ESSENLED<\/title>\n<meta name=\"description\" content=\"360 degree round LED neon flex lights R25, neon flex emits light in all directions, providing uniform illumination around its circumference.\" \/>\n<meta name=\"robots\" content=\"index, follow, max-snippet:-1, max-image-preview:large, max-video-preview:-1\" \/>\n<link rel=\"canonical\" href=\"https:\/\/essenled.com\/cs\/produkt\/360-degree-round-led-neon-flex\/\" \/>\n<meta property=\"og:locale\" content=\"cs_CZ\" \/>\n<meta property=\"og:type\" content=\"article\" \/>\n<meta property=\"og:title\" content=\"360 Degree Round LED Neon Flex - R25\" \/>\n<meta property=\"og:description\" content=\"360 degree round LED neon flex lights R25, neon flex emits light in all directions, providing uniform illumination around its circumference.\" \/>\n<meta property=\"og:url\" content=\"https:\/\/essenled.com\/cs\/produkt\/360-degree-round-led-neon-flex\/\" \/>\n<meta property=\"og:site_name\" content=\"ESSENLED\" \/>\n<meta property=\"article:modified_time\" content=\"2025-02-06T06:44:48+00:00\" \/>\n<meta property=\"og:image\" content=\"https:\/\/essenled.com\/wp-content\/uploads\/2024\/02\/360-Degree-Round-LED-Neon-Flex-R25.webp\" \/>\n\t<meta property=\"og:image:width\" content=\"800\" \/>\n\t<meta property=\"og:image:height\" content=\"800\" \/>\n\t<meta property=\"og:image:type\" content=\"image\/webp\" \/>\n<meta name=\"twitter:card\" content=\"summary_large_image\" \/>\n<meta name=\"twitter:label1\" content=\"Odhadovan\u00e1 doba \u010dten\u00ed\" \/>\n\t<meta name=\"twitter:data1\" content=\"1 minuta\" \/>\n<script type=\"application\/ld+json\" class=\"yoast-schema-graph\">{\"@context\":\"https:\/\/schema.org\",\"@graph\":[{\"@type\":\"WebPage\",\"@id\":\"https:\/\/essenled.com\/product\/360-degree-round-led-neon-flex\/\",\"url\":\"https:\/\/essenled.com\/product\/360-degree-round-led-neon-flex\/\",\"name\":\"360 Degree Round LED Neon Flex - R25 - ESSENLED\",\"isPartOf\":{\"@id\":\"https:\/\/essenled.com\/#website\"},\"primaryImageOfPage\":{\"@id\":\"https:\/\/essenled.com\/product\/360-degree-round-led-neon-flex\/#primaryimage\"},\"image\":{\"@id\":\"https:\/\/essenled.com\/product\/360-degree-round-led-neon-flex\/#primaryimage\"},\"thumbnailUrl\":\"https:\/\/essenled.com\/wp-content\/uploads\/2024\/02\/360-Degree-Round-LED-Neon-Flex-R25.webp\",\"datePublished\":\"2024-02-28T10:44:23+00:00\",\"dateModified\":\"2025-02-06T06:44:48+00:00\",\"description\":\"360 degree round LED neon flex lights R25, neon flex emits light in all directions, providing uniform illumination around its circumference.\",\"breadcrumb\":{\"@id\":\"https:\/\/essenled.com\/product\/360-degree-round-led-neon-flex\/#breadcrumb\"},\"inLanguage\":\"cs\",\"potentialAction\":[{\"@type\":\"ReadAction\",\"target\":[\"https:\/\/essenled.com\/product\/360-degree-round-led-neon-flex\/\"]}]},{\"@type\":\"ImageObject\",\"inLanguage\":\"cs\",\"@id\":\"https:\/\/essenled.com\/product\/360-degree-round-led-neon-flex\/#primaryimage\",\"url\":\"https:\/\/essenled.com\/wp-content\/uploads\/2024\/02\/360-Degree-Round-LED-Neon-Flex-R25.webp\",\"contentUrl\":\"https:\/\/essenled.com\/wp-content\/uploads\/2024\/02\/360-Degree-Round-LED-Neon-Flex-R25.webp\",\"width\":800,\"height\":800,\"caption\":\"360 Degree Round LED Neon Flex - R25\"},{\"@type\":\"BreadcrumbList\",\"@id\":\"https:\/\/essenled.com\/product\/360-degree-round-led-neon-flex\/#breadcrumb\",\"itemListElement\":[{\"@type\":\"ListItem\",\"position\":1,\"name\":\"Home\",\"item\":\"https:\/\/essenled.com\/\"},{\"@type\":\"ListItem\",\"position\":2,\"name\":\"Product\",\"item\":\"https:\/\/essenled.com\/fr\/product\/\"},{\"@type\":\"ListItem\",\"position\":3,\"name\":\"360 Degree Round LED Neon Flex &#8211; R25\"}]},{\"@type\":\"WebSite\",\"@id\":\"https:\/\/essenled.com\/#website\",\"url\":\"https:\/\/essenled.com\/\",\"name\":\"ESSENLED\",\"description\":\"\",\"publisher\":{\"@id\":\"https:\/\/essenled.com\/#organization\"},\"potentialAction\":[{\"@type\":\"SearchAction\",\"target\":{\"@type\":\"EntryPoint\",\"urlTemplate\":\"https:\/\/essenled.com\/?s={search_term_string}\"},\"query-input\":{\"@type\":\"PropertyValueSpecification\",\"valueRequired\":true,\"valueName\":\"search_term_string\"}}],\"inLanguage\":\"cs\"},{\"@type\":\"Organization\",\"@id\":\"https:\/\/essenled.com\/#organization\",\"name\":\"ESSENLED\",\"url\":\"https:\/\/essenled.com\/\",\"logo\":{\"@type\":\"ImageObject\",\"inLanguage\":\"cs\",\"@id\":\"https:\/\/essenled.com\/#\/schema\/logo\/image\/\",\"url\":\"https:\/\/essenled.com\/wp-content\/uploads\/2024\/01\/Essen-logo.png\",\"contentUrl\":\"https:\/\/essenled.com\/wp-content\/uploads\/2024\/01\/Essen-logo.png\",\"width\":800,\"height\":110,\"caption\":\"ESSENLED\"},\"image\":{\"@id\":\"https:\/\/essenled.com\/#\/schema\/logo\/image\/\"}}]}<\/script>\n<!-- \/ Yoast SEO Premium plugin. -->","yoast_head_json":{"title":"360\u00b0 kulat\u00fd LED neon Flex - R25 - ESSENLED","description":"360\u00b0 kulat\u00e9 LED neonov\u00e9 flex sv\u00edtidlo R25, neonov\u00fd flex vyza\u0159uje sv\u011btlo ve v\u0161ech sm\u011brech a poskytuje rovnom\u011brn\u00e9 osv\u011btlen\u00ed po cel\u00e9m sv\u00e9m obvodu.","robots":{"index":"index","follow":"follow","max-snippet":"max-snippet:-1","max-image-preview":"max-image-preview:large","max-video-preview":"max-video-preview:-1"},"canonical":"https:\/\/essenled.com\/cs\/produkt\/360-degree-round-led-neon-flex\/","og_locale":"cs_CZ","og_type":"article","og_title":"360 Degree Round LED Neon Flex - R25","og_description":"360 degree round LED neon flex lights R25, neon flex emits light in all directions, providing uniform illumination around its circumference.","og_url":"https:\/\/essenled.com\/cs\/produkt\/360-degree-round-led-neon-flex\/","og_site_name":"ESSENLED","article_modified_time":"2025-02-06T06:44:48+00:00","og_image":[{"width":800,"height":800,"url":"https:\/\/essenled.com\/wp-content\/uploads\/2024\/02\/360-Degree-Round-LED-Neon-Flex-R25.webp","type":"image\/webp"}],"twitter_card":"summary_large_image","twitter_misc":{"Odhadovan\u00e1 doba \u010dten\u00ed":"1 minuta"},"schema":{"@context":"https:\/\/schema.org","@graph":[{"@type":"WebPage","@id":"https:\/\/essenled.com\/product\/360-degree-round-led-neon-flex\/","url":"https:\/\/essenled.com\/product\/360-degree-round-led-neon-flex\/","name":"360\u00b0 kulat\u00fd LED neon Flex - R25 - ESSENLED","isPartOf":{"@id":"https:\/\/essenled.com\/#website"},"primaryImageOfPage":{"@id":"https:\/\/essenled.com\/product\/360-degree-round-led-neon-flex\/#primaryimage"},"image":{"@id":"https:\/\/essenled.com\/product\/360-degree-round-led-neon-flex\/#primaryimage"},"thumbnailUrl":"https:\/\/essenled.com\/wp-content\/uploads\/2024\/02\/360-Degree-Round-LED-Neon-Flex-R25.webp","datePublished":"2024-02-28T10:44:23+00:00","dateModified":"2025-02-06T06:44:48+00:00","description":"360\u00b0 kulat\u00e9 LED neonov\u00e9 flex sv\u00edtidlo R25, neonov\u00fd flex vyza\u0159uje sv\u011btlo ve v\u0161ech sm\u011brech a poskytuje rovnom\u011brn\u00e9 osv\u011btlen\u00ed po cel\u00e9m sv\u00e9m obvodu.","breadcrumb":{"@id":"https:\/\/essenled.com\/product\/360-degree-round-led-neon-flex\/#breadcrumb"},"inLanguage":"cs","potentialAction":[{"@type":"ReadAction","target":["https:\/\/essenled.com\/product\/360-degree-round-led-neon-flex\/"]}]},{"@type":"ImageObject","inLanguage":"cs","@id":"https:\/\/essenled.com\/product\/360-degree-round-led-neon-flex\/#primaryimage","url":"https:\/\/essenled.com\/wp-content\/uploads\/2024\/02\/360-Degree-Round-LED-Neon-Flex-R25.webp","contentUrl":"https:\/\/essenled.com\/wp-content\/uploads\/2024\/02\/360-Degree-Round-LED-Neon-Flex-R25.webp","width":800,"height":800,"caption":"360 Degree Round LED Neon Flex - R25"},{"@type":"BreadcrumbList","@id":"https:\/\/essenled.com\/product\/360-degree-round-led-neon-flex\/#breadcrumb","itemListElement":[{"@type":"ListItem","position":1,"name":"Home","item":"https:\/\/essenled.com\/"},{"@type":"ListItem","position":2,"name":"Product","item":"https:\/\/essenled.com\/fr\/product\/"},{"@type":"ListItem","position":3,"name":"360 Degree Round LED Neon Flex &#8211; R25"}]},{"@type":"WebSite","@id":"https:\/\/essenled.com\/#website","url":"https:\/\/essenled.com\/","name":"ESSENLED","description":"","publisher":{"@id":"https:\/\/essenled.com\/#organization"},"potentialAction":[{"@type":"SearchAction","target":{"@type":"EntryPoint","urlTemplate":"https:\/\/essenled.com\/?s={search_term_string}"},"query-input":{"@type":"PropertyValueSpecification","valueRequired":true,"valueName":"search_term_string"}}],"inLanguage":"cs"},{"@type":"Organization","@id":"https:\/\/essenled.com\/#organization","name":"ESSENLED","url":"https:\/\/essenled.com\/","logo":{"@type":"ImageObject","inLanguage":"cs","@id":"https:\/\/essenled.com\/#\/schema\/logo\/image\/","url":"https:\/\/essenled.com\/wp-content\/uploads\/2024\/01\/Essen-logo.png","contentUrl":"https:\/\/essenled.com\/wp-content\/uploads\/2024\/01\/Essen-logo.png","width":800,"height":110,"caption":"ESSENLED"},"image":{"@id":"https:\/\/essenled.com\/#\/schema\/logo\/image\/"}}]}},"_links":{"self":[{"href":"https:\/\/essenled.com\/cs\/wp-json\/wp\/v2\/product\/1403","targetHints":{"allow":["GET"]}}],"collection":[{"href":"https:\/\/essenled.com\/cs\/wp-json\/wp\/v2\/product"}],"about":[{"href":"https:\/\/essenled.com\/cs\/wp-json\/wp\/v2\/types\/product"}],"version-history":[{"count":3,"href":"https:\/\/essenled.com\/cs\/wp-json\/wp\/v2\/product\/1403\/revisions"}],"predecessor-version":[{"id":3054,"href":"https:\/\/essenled.com\/cs\/wp-json\/wp\/v2\/product\/1403\/revisions\/3054"}],"wp:featuredmedia":[{"embeddable":true,"href":"https:\/\/essenled.com\/cs\/wp-json\/wp\/v2\/media\/1405"}],"wp:attachment":[{"href":"https:\/\/essenled.com\/cs\/wp-json\/wp\/v2\/media?parent=1403"}],"wp:term":[{"taxonomy":"product_brand","embeddable":true,"href":"https:\/\/essenled.com\/cs\/wp-json\/wp\/v2\/product_brand?post=1403"},{"taxonomy":"product_cat","embeddable":true,"href":"https:\/\/essenled.com\/cs\/wp-json\/wp\/v2\/product_cat?post=1403"},{"taxonomy":"product_tag","embeddable":true,"href":"https:\/\/essenled.com\/cs\/wp-json\/wp\/v2\/product_tag?post=1403"}],"curies":[{"name":"wp","href":"https:\/\/api.w.org\/{rel}","templated":true}]}}