{"id":1281,"date":"2024-02-27T06:51:16","date_gmt":"2024-02-27T06:51:16","guid":{"rendered":"https:\/\/essenled.com\/?post_type=product&#038;p=1281"},"modified":"2024-05-31T11:47:38","modified_gmt":"2024-05-31T11:47:38","slug":"dim-to-warm-224leds-2216-led-strip-high-density","status":"publish","type":"product","link":"https:\/\/essenled.com\/cs\/produkt\/dim-to-warm-224leds-2216-led-strip-high-density\/","title":{"rendered":"Stm\u00edv\u00e1n\u00ed na tepl\u00e9 224LEDs 2216 LED p\u00e1sek s vysokou hustotou 18W"},"content":{"rendered":"","protected":false},"excerpt":{"rendered":"<p>Dim to Warm 224leds\/m, SMD2216 high density LED strip lights, je speci\u00e1ln\u00ed LED p\u00e1sek, kter\u00fd se stm\u00edv\u00e1 p\u0159i p\u0159echodu z chladn\u011bj\u0161\u00edch barevn\u00fdch teplot na teplej\u0161\u00ed, \u010d\u00edm\u017e napodobuje stm\u00edv\u00e1n\u00ed tradi\u010dn\u00edch \u017e\u00e1rovek nebo halogenov\u00fdch \u017e\u00e1rovek Behavior.<\/p>\n<p>Stm\u00edv\u00e1n\u00ed a\u017e tepl\u00fd LED p\u00e1sek 224leds 2216, LED diody a\u017e 224leds\/m vysokou hustotu LED diod, co\u017e vede k intenzivn\u00edmu a rovnom\u011brn\u00e9mu sv\u011bteln\u00e9mu v\u00fdkonu po cel\u00e9 d\u00e9lce, pro jasn\u00e9 a rovnom\u011brn\u00e9 osv\u011btlen\u00ed.<\/p>\n<p>Stm\u00edv\u00e1n\u00ed a\u017e oteplov\u00e1n\u00ed 224leds 2216 LED p\u00e1sek, 18 W na metr, st\u0159edn\u00ed v\u00fdkon. D\u00edky \u0161\u00ed\u0159ce 10 mm jsou tyto LED p\u00e1sky kompaktn\u00ed a vhodn\u00e9 pro r\u016fzn\u00e9 aplikace vnit\u0159n\u00edho osv\u011btlen\u00ed.<\/p>\n<p>LED p\u00e1sek 3000K-1800K m\u016f\u017ee p\u0159ech\u00e1zet z tepl\u00e9 b\u00edl\u00e9 barvy 3000 Kelvin\u016f (K) na teplej\u0161\u00ed teplotu 1800 K, co\u017e umo\u017e\u0148uje vytv\u00e1\u0159et v\u0161estrannou atmosf\u00e9ru a sv\u011bteln\u00e9 efekty.<\/p>","protected":false},"featured_media":2121,"template":"","meta":{"_kad_post_transparent":"default","_kad_post_title":"","_kad_post_layout":"default","_kad_post_sidebar_id":"","_kad_post_content_style":"default","_kad_post_vertical_padding":"default","_kad_post_feature":"","_kad_post_feature_position":"","_kad_post_header":false,"_kad_post_footer":false,"_kad_post_classname":""},"product_brand":[],"product_cat":[33,29],"product_tag":[428,425,427,430,429,426],"class_list":{"0":"post-1281","1":"product","2":"type-product","3":"status-publish","4":"has-post-thumbnail","6":"product_cat-dim-to-warm-series","7":"product_cat-led-strip","8":"product_tag-24v-dim-to-warm-led-tape-light","9":"product_tag-dim-to-warm-led-strip-lights-high-density","10":"product_tag-dim-to-warm-strip-lights-high-quality","11":"product_tag-dim-to-warm-warm-white-led-strip","12":"product_tag-dim-to-warm-24vdc-led-tape-light-system","13":"product_tag-dim-to-warm-series-led-strip-light-3000k-1800k","15":"first","16":"instock","17":"shipping-taxable","18":"product-type-simple","19":"entry","20":"content-bg","21":"loop-entry"},"yoast_head":"<!-- This site is optimized with the Yoast SEO Premium plugin v24.3 (Yoast SEO v26.7) - https:\/\/yoast.com\/wordpress\/plugins\/seo\/ -->\n<title>Dim to Warm 224LEDs 2216 LED Strip High Density 18W - ESSENLED<\/title>\n<meta name=\"description\" content=\"Dim to Warm 224leds 2216 high density LED strip lights, that dims as it transitions from cooler to warmer color temperatures.\" \/>\n<meta name=\"robots\" content=\"index, follow, max-snippet:-1, max-image-preview:large, max-video-preview:-1\" \/>\n<link rel=\"canonical\" href=\"https:\/\/essenled.com\/cs\/produkt\/dim-to-warm-224leds-2216-led-strip-high-density\/\" \/>\n<meta property=\"og:locale\" content=\"cs_CZ\" \/>\n<meta property=\"og:type\" content=\"article\" \/>\n<meta property=\"og:title\" content=\"Dim to Warm 224LEDs 2216 LED Strip High Density 18W\" \/>\n<meta property=\"og:description\" content=\"Dim to Warm 224leds 2216 high density LED strip lights, that dims as it transitions from cooler to warmer color temperatures.\" \/>\n<meta property=\"og:url\" content=\"https:\/\/essenled.com\/cs\/produkt\/dim-to-warm-224leds-2216-led-strip-high-density\/\" \/>\n<meta property=\"og:site_name\" content=\"ESSENLED\" \/>\n<meta property=\"article:modified_time\" content=\"2024-05-31T11:47:38+00:00\" \/>\n<meta property=\"og:image\" content=\"https:\/\/essenled.com\/wp-content\/uploads\/2024\/02\/Dim-to-Warm-SMD2216-LED-Strip-Light.webp\" \/>\n\t<meta property=\"og:image:width\" content=\"1000\" \/>\n\t<meta property=\"og:image:height\" content=\"1000\" \/>\n\t<meta property=\"og:image:type\" content=\"image\/webp\" \/>\n<meta name=\"twitter:card\" content=\"summary_large_image\" \/>\n<meta name=\"twitter:label1\" content=\"Odhadovan\u00e1 doba \u010dten\u00ed\" \/>\n\t<meta name=\"twitter:data1\" content=\"1 minuta\" \/>\n<script type=\"application\/ld+json\" class=\"yoast-schema-graph\">{\"@context\":\"https:\/\/schema.org\",\"@graph\":[{\"@type\":\"WebPage\",\"@id\":\"https:\/\/essenled.com\/product\/dim-to-warm-224leds-2216-led-strip-high-density\/\",\"url\":\"https:\/\/essenled.com\/product\/dim-to-warm-224leds-2216-led-strip-high-density\/\",\"name\":\"Dim to Warm 224LEDs 2216 LED Strip High Density 18W - ESSENLED\",\"isPartOf\":{\"@id\":\"https:\/\/essenled.com\/#website\"},\"primaryImageOfPage\":{\"@id\":\"https:\/\/essenled.com\/product\/dim-to-warm-224leds-2216-led-strip-high-density\/#primaryimage\"},\"image\":{\"@id\":\"https:\/\/essenled.com\/product\/dim-to-warm-224leds-2216-led-strip-high-density\/#primaryimage\"},\"thumbnailUrl\":\"https:\/\/essenled.com\/wp-content\/uploads\/2024\/02\/Dim-to-Warm-SMD2216-LED-Strip-Light.webp\",\"datePublished\":\"2024-02-27T06:51:16+00:00\",\"dateModified\":\"2024-05-31T11:47:38+00:00\",\"description\":\"Dim to Warm 224leds 2216 high density LED strip lights, that dims as it transitions from cooler to warmer color temperatures.\",\"breadcrumb\":{\"@id\":\"https:\/\/essenled.com\/product\/dim-to-warm-224leds-2216-led-strip-high-density\/#breadcrumb\"},\"inLanguage\":\"cs\",\"potentialAction\":[{\"@type\":\"ReadAction\",\"target\":[\"https:\/\/essenled.com\/product\/dim-to-warm-224leds-2216-led-strip-high-density\/\"]}]},{\"@type\":\"ImageObject\",\"inLanguage\":\"cs\",\"@id\":\"https:\/\/essenled.com\/product\/dim-to-warm-224leds-2216-led-strip-high-density\/#primaryimage\",\"url\":\"https:\/\/essenled.com\/wp-content\/uploads\/2024\/02\/Dim-to-Warm-SMD2216-LED-Strip-Light.webp\",\"contentUrl\":\"https:\/\/essenled.com\/wp-content\/uploads\/2024\/02\/Dim-to-Warm-SMD2216-LED-Strip-Light.webp\",\"width\":1000,\"height\":1000,\"caption\":\"Dim to Warm SMD2216 LED Strip Light\"},{\"@type\":\"BreadcrumbList\",\"@id\":\"https:\/\/essenled.com\/product\/dim-to-warm-224leds-2216-led-strip-high-density\/#breadcrumb\",\"itemListElement\":[{\"@type\":\"ListItem\",\"position\":1,\"name\":\"Home\",\"item\":\"https:\/\/essenled.com\/\"},{\"@type\":\"ListItem\",\"position\":2,\"name\":\"Product\",\"item\":\"https:\/\/essenled.com\/fr\/product\/\"},{\"@type\":\"ListItem\",\"position\":3,\"name\":\"Dim to Warm 224LEDs 2216 LED Strip High Density 18W\"}]},{\"@type\":\"WebSite\",\"@id\":\"https:\/\/essenled.com\/#website\",\"url\":\"https:\/\/essenled.com\/\",\"name\":\"ESSENLED\",\"description\":\"\",\"publisher\":{\"@id\":\"https:\/\/essenled.com\/#organization\"},\"potentialAction\":[{\"@type\":\"SearchAction\",\"target\":{\"@type\":\"EntryPoint\",\"urlTemplate\":\"https:\/\/essenled.com\/?s={search_term_string}\"},\"query-input\":{\"@type\":\"PropertyValueSpecification\",\"valueRequired\":true,\"valueName\":\"search_term_string\"}}],\"inLanguage\":\"cs\"},{\"@type\":\"Organization\",\"@id\":\"https:\/\/essenled.com\/#organization\",\"name\":\"ESSENLED\",\"url\":\"https:\/\/essenled.com\/\",\"logo\":{\"@type\":\"ImageObject\",\"inLanguage\":\"cs\",\"@id\":\"https:\/\/essenled.com\/#\/schema\/logo\/image\/\",\"url\":\"https:\/\/essenled.com\/wp-content\/uploads\/2024\/01\/Essen-logo.png\",\"contentUrl\":\"https:\/\/essenled.com\/wp-content\/uploads\/2024\/01\/Essen-logo.png\",\"width\":800,\"height\":110,\"caption\":\"ESSENLED\"},\"image\":{\"@id\":\"https:\/\/essenled.com\/#\/schema\/logo\/image\/\"}}]}<\/script>\n<!-- \/ Yoast SEO Premium plugin. -->","yoast_head_json":{"title":"Stm\u00edv\u00e1n\u00ed na tepl\u00e9 224LEDs 2216 LED p\u00e1sek s vysokou hustotou 18W - ESSENLED","description":"Stm\u00edv\u00e1n\u00ed na tepl\u00e9 224leds 2216 LED p\u00e1skov\u00e9 sv\u011btlo s vysokou hustotou, kter\u00e9 se stm\u00edv\u00e1 p\u0159i p\u0159echodu z chladn\u011bj\u0161\u00ed na teplej\u0161\u00ed teplotu barev.","robots":{"index":"index","follow":"follow","max-snippet":"max-snippet:-1","max-image-preview":"max-image-preview:large","max-video-preview":"max-video-preview:-1"},"canonical":"https:\/\/essenled.com\/cs\/produkt\/dim-to-warm-224leds-2216-led-strip-high-density\/","og_locale":"cs_CZ","og_type":"article","og_title":"Dim to Warm 224LEDs 2216 LED Strip High Density 18W","og_description":"Dim to Warm 224leds 2216 high density LED strip lights, that dims as it transitions from cooler to warmer color temperatures.","og_url":"https:\/\/essenled.com\/cs\/produkt\/dim-to-warm-224leds-2216-led-strip-high-density\/","og_site_name":"ESSENLED","article_modified_time":"2024-05-31T11:47:38+00:00","og_image":[{"width":1000,"height":1000,"url":"https:\/\/essenled.com\/wp-content\/uploads\/2024\/02\/Dim-to-Warm-SMD2216-LED-Strip-Light.webp","type":"image\/webp"}],"twitter_card":"summary_large_image","twitter_misc":{"Odhadovan\u00e1 doba \u010dten\u00ed":"1 minuta"},"schema":{"@context":"https:\/\/schema.org","@graph":[{"@type":"WebPage","@id":"https:\/\/essenled.com\/product\/dim-to-warm-224leds-2216-led-strip-high-density\/","url":"https:\/\/essenled.com\/product\/dim-to-warm-224leds-2216-led-strip-high-density\/","name":"Stm\u00edv\u00e1n\u00ed na tepl\u00e9 224LEDs 2216 LED p\u00e1sek s vysokou hustotou 18W - ESSENLED","isPartOf":{"@id":"https:\/\/essenled.com\/#website"},"primaryImageOfPage":{"@id":"https:\/\/essenled.com\/product\/dim-to-warm-224leds-2216-led-strip-high-density\/#primaryimage"},"image":{"@id":"https:\/\/essenled.com\/product\/dim-to-warm-224leds-2216-led-strip-high-density\/#primaryimage"},"thumbnailUrl":"https:\/\/essenled.com\/wp-content\/uploads\/2024\/02\/Dim-to-Warm-SMD2216-LED-Strip-Light.webp","datePublished":"2024-02-27T06:51:16+00:00","dateModified":"2024-05-31T11:47:38+00:00","description":"Stm\u00edv\u00e1n\u00ed na tepl\u00e9 224leds 2216 LED p\u00e1skov\u00e9 sv\u011btlo s vysokou hustotou, kter\u00e9 se stm\u00edv\u00e1 p\u0159i p\u0159echodu z chladn\u011bj\u0161\u00ed na teplej\u0161\u00ed teplotu barev.","breadcrumb":{"@id":"https:\/\/essenled.com\/product\/dim-to-warm-224leds-2216-led-strip-high-density\/#breadcrumb"},"inLanguage":"cs","potentialAction":[{"@type":"ReadAction","target":["https:\/\/essenled.com\/product\/dim-to-warm-224leds-2216-led-strip-high-density\/"]}]},{"@type":"ImageObject","inLanguage":"cs","@id":"https:\/\/essenled.com\/product\/dim-to-warm-224leds-2216-led-strip-high-density\/#primaryimage","url":"https:\/\/essenled.com\/wp-content\/uploads\/2024\/02\/Dim-to-Warm-SMD2216-LED-Strip-Light.webp","contentUrl":"https:\/\/essenled.com\/wp-content\/uploads\/2024\/02\/Dim-to-Warm-SMD2216-LED-Strip-Light.webp","width":1000,"height":1000,"caption":"Dim to Warm SMD2216 LED Strip Light"},{"@type":"BreadcrumbList","@id":"https:\/\/essenled.com\/product\/dim-to-warm-224leds-2216-led-strip-high-density\/#breadcrumb","itemListElement":[{"@type":"ListItem","position":1,"name":"Home","item":"https:\/\/essenled.com\/"},{"@type":"ListItem","position":2,"name":"Product","item":"https:\/\/essenled.com\/fr\/product\/"},{"@type":"ListItem","position":3,"name":"Dim to Warm 224LEDs 2216 LED Strip High Density 18W"}]},{"@type":"WebSite","@id":"https:\/\/essenled.com\/#website","url":"https:\/\/essenled.com\/","name":"ESSENLED","description":"","publisher":{"@id":"https:\/\/essenled.com\/#organization"},"potentialAction":[{"@type":"SearchAction","target":{"@type":"EntryPoint","urlTemplate":"https:\/\/essenled.com\/?s={search_term_string}"},"query-input":{"@type":"PropertyValueSpecification","valueRequired":true,"valueName":"search_term_string"}}],"inLanguage":"cs"},{"@type":"Organization","@id":"https:\/\/essenled.com\/#organization","name":"ESSENLED","url":"https:\/\/essenled.com\/","logo":{"@type":"ImageObject","inLanguage":"cs","@id":"https:\/\/essenled.com\/#\/schema\/logo\/image\/","url":"https:\/\/essenled.com\/wp-content\/uploads\/2024\/01\/Essen-logo.png","contentUrl":"https:\/\/essenled.com\/wp-content\/uploads\/2024\/01\/Essen-logo.png","width":800,"height":110,"caption":"ESSENLED"},"image":{"@id":"https:\/\/essenled.com\/#\/schema\/logo\/image\/"}}]}},"_links":{"self":[{"href":"https:\/\/essenled.com\/cs\/wp-json\/wp\/v2\/product\/1281","targetHints":{"allow":["GET"]}}],"collection":[{"href":"https:\/\/essenled.com\/cs\/wp-json\/wp\/v2\/product"}],"about":[{"href":"https:\/\/essenled.com\/cs\/wp-json\/wp\/v2\/types\/product"}],"version-history":[{"count":1,"href":"https:\/\/essenled.com\/cs\/wp-json\/wp\/v2\/product\/1281\/revisions"}],"predecessor-version":[{"id":1289,"href":"https:\/\/essenled.com\/cs\/wp-json\/wp\/v2\/product\/1281\/revisions\/1289"}],"wp:featuredmedia":[{"embeddable":true,"href":"https:\/\/essenled.com\/cs\/wp-json\/wp\/v2\/media\/2121"}],"wp:attachment":[{"href":"https:\/\/essenled.com\/cs\/wp-json\/wp\/v2\/media?parent=1281"}],"wp:term":[{"taxonomy":"product_brand","embeddable":true,"href":"https:\/\/essenled.com\/cs\/wp-json\/wp\/v2\/product_brand?post=1281"},{"taxonomy":"product_cat","embeddable":true,"href":"https:\/\/essenled.com\/cs\/wp-json\/wp\/v2\/product_cat?post=1281"},{"taxonomy":"product_tag","embeddable":true,"href":"https:\/\/essenled.com\/cs\/wp-json\/wp\/v2\/product_tag?post=1281"}],"curies":[{"name":"wp","href":"https:\/\/api.w.org\/{rel}","templated":true}]}}