{"id":1160,"date":"2024-02-25T10:16:40","date_gmt":"2024-02-25T10:16:40","guid":{"rendered":"https:\/\/essenled.com\/?post_type=product&#038;p=1160"},"modified":"2024-05-31T07:48:03","modified_gmt":"2024-05-31T07:48:03","slug":"rgb-led-strip-lights-12v-24v","status":"publish","type":"product","link":"https:\/\/essenled.com\/cs\/produkt\/rgb-led-strip-lights-12v-24v\/","title":{"rendered":"RGB LED p\u00e1skov\u00e1 sv\u011btla 14,4W-28,8W 12V 24V"},"content":{"rendered":"","protected":false},"excerpt":{"rendered":"<p>RGB SMD5050 LED p\u00e1skov\u00e1 sv\u011btla; RGB znamen\u00e1, \u017ee LED p\u00e1skov\u00e1 sv\u011btla jsou vybavena \u010derven\u00fdmi, zelen\u00fdmi a modr\u00fdmi LED diodami, co\u017e umo\u017e\u0148uje vytv\u00e1\u0159et \u0161irokou \u0161k\u00e1lu barev sm\u00edch\u00e1n\u00edm r\u016fzn\u00fdch intenzit \u010derven\u00e9ho, zelen\u00e9ho a modr\u00e9ho sv\u011btla.<\/p>\n<p>LED p\u00e1sky 5050 RGB maj\u00ed velk\u00e9 rozm\u011bry LED \u010dipu, co\u017e je b\u011b\u017en\u00e1 velikost RGB LED p\u00e1sk\u016f, kter\u00e9 jsou zn\u00e1m\u00e9 sv\u00fdm jasem a v\u0161estrannost\u00ed.<\/p>\n<p>RGB LED p\u00e1sek 5050 60leds-120leds na metr s vysok\u00fdm jasem a 3838 RGB LED p\u00e1sek 120leds a 240leds s vysokou hustotou, st\u0159edn\u00ed hustotou LED diod pro osv\u011btlen\u00ed a 10mm \u0161\u00ed\u0159kou PC desky, kter\u00e1 m\u00e1 dobr\u00fd odvod tepla.<\/p>\n<p>LED p\u00e1sek RGB 120LEDs\/m m\u00e1 v\u00fdkon 28,8 W\/m, v\u00fdkon i jas jsou st\u0159edn\u00ed a tyto LED p\u00e1sky nab\u00edzej\u00ed st\u0159edn\u011b velk\u00fd profil vhodn\u00fd pro r\u016fzn\u00e9 aplikace vnit\u0159n\u00edho i venkovn\u00edho osv\u011btlen\u00ed.<\/p>","protected":false},"featured_media":2102,"template":"","meta":{"_kad_post_transparent":"default","_kad_post_title":"","_kad_post_layout":"default","_kad_post_sidebar_id":"","_kad_post_content_style":"default","_kad_post_vertical_padding":"default","_kad_post_feature":"","_kad_post_feature_position":"","_kad_post_header":false,"_kad_post_footer":false,"_kad_post_classname":""},"product_brand":[],"product_cat":[29,31],"product_tag":[772,354,353,349,351],"class_list":{"0":"post-1160","1":"product","2":"type-product","3":"status-publish","4":"has-post-thumbnail","6":"product_cat-led-strip","7":"product_cat-rgbx-series","8":"product_tag-5050-rgb-color-changing-led-strip","9":"product_tag-5050-rgb-led-strip-flexible-tape","10":"product_tag-5050-rgb-led-strip-light","11":"product_tag-dc24v-5050-60leds-rgb-led-strip-light","12":"product_tag-led-strip-rgb-5050","14":"first","15":"instock","16":"shipping-taxable","17":"product-type-simple","18":"entry","19":"content-bg","20":"loop-entry"},"yoast_head":"<!-- This site is optimized with the Yoast SEO Premium plugin v24.3 (Yoast SEO v26.7) - https:\/\/yoast.com\/wordpress\/plugins\/seo\/ -->\n<title>RGB LED Strip Lights 14.4W-28.8W 12V 24V - ESSENLED<\/title>\n<meta name=\"description\" content=\"RGB LED strip lights, a wide range of colors to be produced by mixing different intensities of red, green, and blue light.\" \/>\n<meta name=\"robots\" content=\"index, follow, max-snippet:-1, max-image-preview:large, max-video-preview:-1\" \/>\n<link rel=\"canonical\" href=\"https:\/\/essenled.com\/cs\/produkt\/rgb-led-strip-lights-12v-24v\/\" \/>\n<meta property=\"og:locale\" content=\"cs_CZ\" \/>\n<meta property=\"og:type\" content=\"article\" \/>\n<meta property=\"og:title\" content=\"RGB LED Strip Lights 14.4W-28.8W 12V 24V\" \/>\n<meta property=\"og:description\" content=\"RGB LED strip lights, a wide range of colors to be produced by mixing different intensities of red, green, and blue light.\" \/>\n<meta property=\"og:url\" content=\"https:\/\/essenled.com\/cs\/produkt\/rgb-led-strip-lights-12v-24v\/\" \/>\n<meta property=\"og:site_name\" content=\"ESSENLED\" \/>\n<meta property=\"article:modified_time\" content=\"2024-05-31T07:48:03+00:00\" \/>\n<meta property=\"og:image\" content=\"https:\/\/essenled.com\/wp-content\/uploads\/2024\/02\/LED-Strip-RGB-SMD5050-DC24V.webp\" \/>\n\t<meta property=\"og:image:width\" content=\"1000\" \/>\n\t<meta property=\"og:image:height\" content=\"1000\" \/>\n\t<meta property=\"og:image:type\" content=\"image\/webp\" \/>\n<meta name=\"twitter:card\" content=\"summary_large_image\" \/>\n<meta name=\"twitter:label1\" content=\"Odhadovan\u00e1 doba \u010dten\u00ed\" \/>\n\t<meta name=\"twitter:data1\" content=\"1 minuta\" \/>\n<script type=\"application\/ld+json\" class=\"yoast-schema-graph\">{\"@context\":\"https:\/\/schema.org\",\"@graph\":[{\"@type\":\"WebPage\",\"@id\":\"https:\/\/essenled.com\/product\/rgb-led-strip-lights-12v-24v\/\",\"url\":\"https:\/\/essenled.com\/product\/rgb-led-strip-lights-12v-24v\/\",\"name\":\"RGB LED Strip Lights 14.4W-28.8W 12V 24V - ESSENLED\",\"isPartOf\":{\"@id\":\"https:\/\/essenled.com\/#website\"},\"primaryImageOfPage\":{\"@id\":\"https:\/\/essenled.com\/product\/rgb-led-strip-lights-12v-24v\/#primaryimage\"},\"image\":{\"@id\":\"https:\/\/essenled.com\/product\/rgb-led-strip-lights-12v-24v\/#primaryimage\"},\"thumbnailUrl\":\"https:\/\/essenled.com\/wp-content\/uploads\/2024\/02\/LED-Strip-RGB-SMD5050-DC24V.webp\",\"datePublished\":\"2024-02-25T10:16:40+00:00\",\"dateModified\":\"2024-05-31T07:48:03+00:00\",\"description\":\"RGB LED strip lights, a wide range of colors to be produced by mixing different intensities of red, green, and blue light.\",\"breadcrumb\":{\"@id\":\"https:\/\/essenled.com\/product\/rgb-led-strip-lights-12v-24v\/#breadcrumb\"},\"inLanguage\":\"cs\",\"potentialAction\":[{\"@type\":\"ReadAction\",\"target\":[\"https:\/\/essenled.com\/product\/rgb-led-strip-lights-12v-24v\/\"]}]},{\"@type\":\"ImageObject\",\"inLanguage\":\"cs\",\"@id\":\"https:\/\/essenled.com\/product\/rgb-led-strip-lights-12v-24v\/#primaryimage\",\"url\":\"https:\/\/essenled.com\/wp-content\/uploads\/2024\/02\/LED-Strip-RGB-SMD5050-DC24V.webp\",\"contentUrl\":\"https:\/\/essenled.com\/wp-content\/uploads\/2024\/02\/LED-Strip-RGB-SMD5050-DC24V.webp\",\"width\":1000,\"height\":1000,\"caption\":\"LED Strip RGB SMD5050 DC24V\"},{\"@type\":\"BreadcrumbList\",\"@id\":\"https:\/\/essenled.com\/product\/rgb-led-strip-lights-12v-24v\/#breadcrumb\",\"itemListElement\":[{\"@type\":\"ListItem\",\"position\":1,\"name\":\"Home\",\"item\":\"https:\/\/essenled.com\/\"},{\"@type\":\"ListItem\",\"position\":2,\"name\":\"Product\",\"item\":\"https:\/\/essenled.com\/fr\/product\/\"},{\"@type\":\"ListItem\",\"position\":3,\"name\":\"RGB LED Strip Lights 14.4W-28.8W 12V 24V\"}]},{\"@type\":\"WebSite\",\"@id\":\"https:\/\/essenled.com\/#website\",\"url\":\"https:\/\/essenled.com\/\",\"name\":\"ESSENLED\",\"description\":\"\",\"publisher\":{\"@id\":\"https:\/\/essenled.com\/#organization\"},\"potentialAction\":[{\"@type\":\"SearchAction\",\"target\":{\"@type\":\"EntryPoint\",\"urlTemplate\":\"https:\/\/essenled.com\/?s={search_term_string}\"},\"query-input\":{\"@type\":\"PropertyValueSpecification\",\"valueRequired\":true,\"valueName\":\"search_term_string\"}}],\"inLanguage\":\"cs\"},{\"@type\":\"Organization\",\"@id\":\"https:\/\/essenled.com\/#organization\",\"name\":\"ESSENLED\",\"url\":\"https:\/\/essenled.com\/\",\"logo\":{\"@type\":\"ImageObject\",\"inLanguage\":\"cs\",\"@id\":\"https:\/\/essenled.com\/#\/schema\/logo\/image\/\",\"url\":\"https:\/\/essenled.com\/wp-content\/uploads\/2024\/01\/Essen-logo.png\",\"contentUrl\":\"https:\/\/essenled.com\/wp-content\/uploads\/2024\/01\/Essen-logo.png\",\"width\":800,\"height\":110,\"caption\":\"ESSENLED\"},\"image\":{\"@id\":\"https:\/\/essenled.com\/#\/schema\/logo\/image\/\"}}]}<\/script>\n<!-- \/ Yoast SEO Premium plugin. -->","yoast_head_json":{"title":"RGB LED p\u00e1skov\u00e1 sv\u011btla 14,4W-28,8W 12V 24V - ESSENLED","description":"RGB LED p\u00e1skov\u00e1 sv\u011btla, \u0161irok\u00e1 \u0161k\u00e1la barev, kter\u00e9 lze vytvo\u0159it sm\u00edch\u00e1n\u00edm r\u016fzn\u00fdch intenzit \u010derven\u00e9ho, zelen\u00e9ho a modr\u00e9ho sv\u011btla.","robots":{"index":"index","follow":"follow","max-snippet":"max-snippet:-1","max-image-preview":"max-image-preview:large","max-video-preview":"max-video-preview:-1"},"canonical":"https:\/\/essenled.com\/cs\/produkt\/rgb-led-strip-lights-12v-24v\/","og_locale":"cs_CZ","og_type":"article","og_title":"RGB LED Strip Lights 14.4W-28.8W 12V 24V","og_description":"RGB LED strip lights, a wide range of colors to be produced by mixing different intensities of red, green, and blue light.","og_url":"https:\/\/essenled.com\/cs\/produkt\/rgb-led-strip-lights-12v-24v\/","og_site_name":"ESSENLED","article_modified_time":"2024-05-31T07:48:03+00:00","og_image":[{"width":1000,"height":1000,"url":"https:\/\/essenled.com\/wp-content\/uploads\/2024\/02\/LED-Strip-RGB-SMD5050-DC24V.webp","type":"image\/webp"}],"twitter_card":"summary_large_image","twitter_misc":{"Odhadovan\u00e1 doba \u010dten\u00ed":"1 minuta"},"schema":{"@context":"https:\/\/schema.org","@graph":[{"@type":"WebPage","@id":"https:\/\/essenled.com\/product\/rgb-led-strip-lights-12v-24v\/","url":"https:\/\/essenled.com\/product\/rgb-led-strip-lights-12v-24v\/","name":"RGB LED p\u00e1skov\u00e1 sv\u011btla 14,4W-28,8W 12V 24V - ESSENLED","isPartOf":{"@id":"https:\/\/essenled.com\/#website"},"primaryImageOfPage":{"@id":"https:\/\/essenled.com\/product\/rgb-led-strip-lights-12v-24v\/#primaryimage"},"image":{"@id":"https:\/\/essenled.com\/product\/rgb-led-strip-lights-12v-24v\/#primaryimage"},"thumbnailUrl":"https:\/\/essenled.com\/wp-content\/uploads\/2024\/02\/LED-Strip-RGB-SMD5050-DC24V.webp","datePublished":"2024-02-25T10:16:40+00:00","dateModified":"2024-05-31T07:48:03+00:00","description":"RGB LED p\u00e1skov\u00e1 sv\u011btla, \u0161irok\u00e1 \u0161k\u00e1la barev, kter\u00e9 lze vytvo\u0159it sm\u00edch\u00e1n\u00edm r\u016fzn\u00fdch intenzit \u010derven\u00e9ho, zelen\u00e9ho a modr\u00e9ho sv\u011btla.","breadcrumb":{"@id":"https:\/\/essenled.com\/product\/rgb-led-strip-lights-12v-24v\/#breadcrumb"},"inLanguage":"cs","potentialAction":[{"@type":"ReadAction","target":["https:\/\/essenled.com\/product\/rgb-led-strip-lights-12v-24v\/"]}]},{"@type":"ImageObject","inLanguage":"cs","@id":"https:\/\/essenled.com\/product\/rgb-led-strip-lights-12v-24v\/#primaryimage","url":"https:\/\/essenled.com\/wp-content\/uploads\/2024\/02\/LED-Strip-RGB-SMD5050-DC24V.webp","contentUrl":"https:\/\/essenled.com\/wp-content\/uploads\/2024\/02\/LED-Strip-RGB-SMD5050-DC24V.webp","width":1000,"height":1000,"caption":"LED Strip RGB SMD5050 DC24V"},{"@type":"BreadcrumbList","@id":"https:\/\/essenled.com\/product\/rgb-led-strip-lights-12v-24v\/#breadcrumb","itemListElement":[{"@type":"ListItem","position":1,"name":"Home","item":"https:\/\/essenled.com\/"},{"@type":"ListItem","position":2,"name":"Product","item":"https:\/\/essenled.com\/fr\/product\/"},{"@type":"ListItem","position":3,"name":"RGB LED Strip Lights 14.4W-28.8W 12V 24V"}]},{"@type":"WebSite","@id":"https:\/\/essenled.com\/#website","url":"https:\/\/essenled.com\/","name":"ESSENLED","description":"","publisher":{"@id":"https:\/\/essenled.com\/#organization"},"potentialAction":[{"@type":"SearchAction","target":{"@type":"EntryPoint","urlTemplate":"https:\/\/essenled.com\/?s={search_term_string}"},"query-input":{"@type":"PropertyValueSpecification","valueRequired":true,"valueName":"search_term_string"}}],"inLanguage":"cs"},{"@type":"Organization","@id":"https:\/\/essenled.com\/#organization","name":"ESSENLED","url":"https:\/\/essenled.com\/","logo":{"@type":"ImageObject","inLanguage":"cs","@id":"https:\/\/essenled.com\/#\/schema\/logo\/image\/","url":"https:\/\/essenled.com\/wp-content\/uploads\/2024\/01\/Essen-logo.png","contentUrl":"https:\/\/essenled.com\/wp-content\/uploads\/2024\/01\/Essen-logo.png","width":800,"height":110,"caption":"ESSENLED"},"image":{"@id":"https:\/\/essenled.com\/#\/schema\/logo\/image\/"}}]}},"_links":{"self":[{"href":"https:\/\/essenled.com\/cs\/wp-json\/wp\/v2\/product\/1160","targetHints":{"allow":["GET"]}}],"collection":[{"href":"https:\/\/essenled.com\/cs\/wp-json\/wp\/v2\/product"}],"about":[{"href":"https:\/\/essenled.com\/cs\/wp-json\/wp\/v2\/types\/product"}],"version-history":[{"count":3,"href":"https:\/\/essenled.com\/cs\/wp-json\/wp\/v2\/product\/1160\/revisions"}],"predecessor-version":[{"id":2106,"href":"https:\/\/essenled.com\/cs\/wp-json\/wp\/v2\/product\/1160\/revisions\/2106"}],"wp:featuredmedia":[{"embeddable":true,"href":"https:\/\/essenled.com\/cs\/wp-json\/wp\/v2\/media\/2102"}],"wp:attachment":[{"href":"https:\/\/essenled.com\/cs\/wp-json\/wp\/v2\/media?parent=1160"}],"wp:term":[{"taxonomy":"product_brand","embeddable":true,"href":"https:\/\/essenled.com\/cs\/wp-json\/wp\/v2\/product_brand?post=1160"},{"taxonomy":"product_cat","embeddable":true,"href":"https:\/\/essenled.com\/cs\/wp-json\/wp\/v2\/product_cat?post=1160"},{"taxonomy":"product_tag","embeddable":true,"href":"https:\/\/essenled.com\/cs\/wp-json\/wp\/v2\/product_tag?post=1160"}],"curies":[{"name":"wp","href":"https:\/\/api.w.org\/{rel}","templated":true}]}}