{"id":1067,"date":"2024-02-23T11:50:37","date_gmt":"2024-02-23T11:50:37","guid":{"rendered":"https:\/\/essenled.com\/?post_type=product&#038;p=1067"},"modified":"2024-05-30T04:51:36","modified_gmt":"2024-05-30T04:51:36","slug":"120leds-5630-led-strip-super-brightness-10mm","status":"publish","type":"product","link":"https:\/\/essenled.com\/cs\/produkt\/120leds-5630-led-strip-super-brightness-10mm\/","title":{"rendered":"120LEDs 5630 LED p\u00e1sek Super jas 24V 10MM"},"content":{"rendered":"","protected":false},"excerpt":{"rendered":"<p>Super jas SMD5630 120leds\/m LED p\u00e1skov\u00e1 sv\u011btla jsou LED \u010dipy zn\u00e1m\u00e9 sv\u00fdm jasem a energetickou \u00fa\u010dinnost\u00ed. LED diody maj\u00ed a\u017e 120leds\/m, v\u00fdhodou je, \u017ee osv\u011btlen\u00ed je rovnom\u011brn\u00e9 bez sv\u011bteln\u00fdch bod\u016f.<\/p>\n<p>Nap\u011bt\u00ed sv\u011bteln\u00e9ho p\u00e1sku LED SMD5630 120leds\/m je k dispozici p\u0159i 24 V. Poskytuje flexibilitu p\u0159i instalaci a kompatibilitu s r\u016fzn\u00fdmi syst\u00e9my.<\/p>\n<p>P\u0159i 120leds\/m 24w\/m a \u0161\u00ed\u0159ce 10MM se dob\u0159e rozptyluje, d\u00e9lka \u0159ezu 24V je 50 mm. Tyto LED p\u00e1sky nab\u00edzej\u00ed st\u0159edn\u011b velk\u00fd profil vhodn\u00fd pro r\u016fzn\u00e9 aplikace vnit\u0159n\u00edho i venkovn\u00edho osv\u011btlen\u00ed.<\/p>\n<p>CRI80 a CRI90 jsou k dispozici u LED p\u00e1sk\u016f SMD5630 120leds\/m; CRI80 se pou\u017e\u00edv\u00e1 pro b\u011b\u017en\u00e9 osv\u011btlovac\u00ed projekty, zat\u00edmco CRI90 lze pou\u017e\u00edt pro nadstandardn\u00ed galerie a um\u011bleck\u00e9 v\u00fdstavn\u00ed s\u00edn\u011b.<\/p>","protected":false},"featured_media":2079,"template":"","meta":{"_kad_post_transparent":"default","_kad_post_title":"","_kad_post_layout":"default","_kad_post_sidebar_id":"","_kad_post_content_style":"default","_kad_post_vertical_padding":"default","_kad_post_feature":"","_kad_post_feature_position":"","_kad_post_header":false,"_kad_post_footer":false,"_kad_post_classname":""},"product_brand":[],"product_cat":[29,766],"product_tag":[315,314,318,319,317,316],"class_list":{"0":"post-1067","1":"product","2":"type-product","3":"status-publish","4":"has-post-thumbnail","6":"product_cat-led-strip","7":"product_cat-single-color-series","8":"product_tag-120leds-5630-led-strip-10mm","9":"product_tag-120leds-led-strip-5630-flexible-tape","10":"product_tag-5630-10mm-120leds-cri90","11":"product_tag-super-bright-5630-120leds-strip","12":"product_tag-super-bright-5630-24w-strip","13":"product_tag-super-brightness-5630-120leds","15":"first","16":"instock","17":"shipping-taxable","18":"product-type-simple","19":"entry","20":"content-bg","21":"loop-entry"},"yoast_head":"<!-- This site is optimized with the Yoast SEO Premium plugin v24.3 (Yoast SEO v26.7) - https:\/\/yoast.com\/wordpress\/plugins\/seo\/ -->\n<title>120LEDs 5630 LED Strip Super Brightness 24V 10MM - ESSENLED<\/title>\n<meta name=\"description\" content=\"Super brightness 5630 120leds\/m LED strip lights, brightness and energy efficiency, 120leds\/m, lighting uniform without any lighting spot.\" \/>\n<meta name=\"robots\" content=\"index, follow, max-snippet:-1, max-image-preview:large, max-video-preview:-1\" \/>\n<link rel=\"canonical\" href=\"https:\/\/essenled.com\/cs\/produkt\/120leds-5630-led-strip-super-brightness-10mm\/\" \/>\n<meta property=\"og:locale\" content=\"cs_CZ\" \/>\n<meta property=\"og:type\" content=\"article\" \/>\n<meta property=\"og:title\" content=\"120LEDs 5630 LED Strip Super Brightness 24V 10MM\" \/>\n<meta property=\"og:description\" content=\"Super brightness 5630 120leds\/m LED strip lights, brightness and energy efficiency, 120leds\/m, lighting uniform without any lighting spot.\" \/>\n<meta property=\"og:url\" content=\"https:\/\/essenled.com\/cs\/produkt\/120leds-5630-led-strip-super-brightness-10mm\/\" \/>\n<meta property=\"og:site_name\" content=\"ESSENLED\" \/>\n<meta property=\"article:modified_time\" content=\"2024-05-30T04:51:36+00:00\" \/>\n<meta property=\"og:image\" content=\"https:\/\/essenled.com\/wp-content\/uploads\/2024\/02\/120leds-led-strip-SMD-5630-Flexible-led-tape.webp\" \/>\n\t<meta property=\"og:image:width\" content=\"1000\" \/>\n\t<meta property=\"og:image:height\" content=\"1000\" \/>\n\t<meta property=\"og:image:type\" content=\"image\/webp\" \/>\n<meta name=\"twitter:card\" content=\"summary_large_image\" \/>\n<meta name=\"twitter:label1\" content=\"Odhadovan\u00e1 doba \u010dten\u00ed\" \/>\n\t<meta name=\"twitter:data1\" content=\"1 minuta\" \/>\n<script type=\"application\/ld+json\" class=\"yoast-schema-graph\">{\"@context\":\"https:\/\/schema.org\",\"@graph\":[{\"@type\":\"WebPage\",\"@id\":\"https:\/\/essenled.com\/product\/120leds-5630-led-strip-super-brightness-10mm\/\",\"url\":\"https:\/\/essenled.com\/product\/120leds-5630-led-strip-super-brightness-10mm\/\",\"name\":\"120LEDs 5630 LED Strip Super Brightness 24V 10MM - ESSENLED\",\"isPartOf\":{\"@id\":\"https:\/\/essenled.com\/#website\"},\"primaryImageOfPage\":{\"@id\":\"https:\/\/essenled.com\/product\/120leds-5630-led-strip-super-brightness-10mm\/#primaryimage\"},\"image\":{\"@id\":\"https:\/\/essenled.com\/product\/120leds-5630-led-strip-super-brightness-10mm\/#primaryimage\"},\"thumbnailUrl\":\"https:\/\/essenled.com\/wp-content\/uploads\/2024\/02\/120leds-led-strip-SMD-5630-Flexible-led-tape.webp\",\"datePublished\":\"2024-02-23T11:50:37+00:00\",\"dateModified\":\"2024-05-30T04:51:36+00:00\",\"description\":\"Super brightness 5630 120leds\/m LED strip lights, brightness and energy efficiency, 120leds\/m, lighting uniform without any lighting spot.\",\"breadcrumb\":{\"@id\":\"https:\/\/essenled.com\/product\/120leds-5630-led-strip-super-brightness-10mm\/#breadcrumb\"},\"inLanguage\":\"cs\",\"potentialAction\":[{\"@type\":\"ReadAction\",\"target\":[\"https:\/\/essenled.com\/product\/120leds-5630-led-strip-super-brightness-10mm\/\"]}]},{\"@type\":\"ImageObject\",\"inLanguage\":\"cs\",\"@id\":\"https:\/\/essenled.com\/product\/120leds-5630-led-strip-super-brightness-10mm\/#primaryimage\",\"url\":\"https:\/\/essenled.com\/wp-content\/uploads\/2024\/02\/120leds-led-strip-SMD-5630-Flexible-led-tape.webp\",\"contentUrl\":\"https:\/\/essenled.com\/wp-content\/uploads\/2024\/02\/120leds-led-strip-SMD-5630-Flexible-led-tape.webp\",\"width\":1000,\"height\":1000,\"caption\":\"120leds led strip SMD 5630 Flexible led tape\"},{\"@type\":\"BreadcrumbList\",\"@id\":\"https:\/\/essenled.com\/product\/120leds-5630-led-strip-super-brightness-10mm\/#breadcrumb\",\"itemListElement\":[{\"@type\":\"ListItem\",\"position\":1,\"name\":\"Home\",\"item\":\"https:\/\/essenled.com\/\"},{\"@type\":\"ListItem\",\"position\":2,\"name\":\"Product\",\"item\":\"https:\/\/essenled.com\/fr\/product\/\"},{\"@type\":\"ListItem\",\"position\":3,\"name\":\"120LEDs 5630 LED Strip Super Brightness 24V 10MM\"}]},{\"@type\":\"WebSite\",\"@id\":\"https:\/\/essenled.com\/#website\",\"url\":\"https:\/\/essenled.com\/\",\"name\":\"ESSENLED\",\"description\":\"\",\"publisher\":{\"@id\":\"https:\/\/essenled.com\/#organization\"},\"potentialAction\":[{\"@type\":\"SearchAction\",\"target\":{\"@type\":\"EntryPoint\",\"urlTemplate\":\"https:\/\/essenled.com\/?s={search_term_string}\"},\"query-input\":{\"@type\":\"PropertyValueSpecification\",\"valueRequired\":true,\"valueName\":\"search_term_string\"}}],\"inLanguage\":\"cs\"},{\"@type\":\"Organization\",\"@id\":\"https:\/\/essenled.com\/#organization\",\"name\":\"ESSENLED\",\"url\":\"https:\/\/essenled.com\/\",\"logo\":{\"@type\":\"ImageObject\",\"inLanguage\":\"cs\",\"@id\":\"https:\/\/essenled.com\/#\/schema\/logo\/image\/\",\"url\":\"https:\/\/essenled.com\/wp-content\/uploads\/2024\/01\/Essen-logo.png\",\"contentUrl\":\"https:\/\/essenled.com\/wp-content\/uploads\/2024\/01\/Essen-logo.png\",\"width\":800,\"height\":110,\"caption\":\"ESSENLED\"},\"image\":{\"@id\":\"https:\/\/essenled.com\/#\/schema\/logo\/image\/\"}}]}<\/script>\n<!-- \/ Yoast SEO Premium plugin. -->","yoast_head_json":{"title":"120LEDs 5630 LED p\u00e1sek Super jas 24V 10MM - ESSENLED","description":"Super jas 5630 120leds\/m LED p\u00e1skov\u00e1 sv\u011btla, jas a energetick\u00e1 \u00fa\u010dinnost, 120leds\/m, rovnom\u011brn\u00e9 osv\u011btlen\u00ed bez sv\u011bteln\u00e9ho bodu.","robots":{"index":"index","follow":"follow","max-snippet":"max-snippet:-1","max-image-preview":"max-image-preview:large","max-video-preview":"max-video-preview:-1"},"canonical":"https:\/\/essenled.com\/cs\/produkt\/120leds-5630-led-strip-super-brightness-10mm\/","og_locale":"cs_CZ","og_type":"article","og_title":"120LEDs 5630 LED Strip Super Brightness 24V 10MM","og_description":"Super brightness 5630 120leds\/m LED strip lights, brightness and energy efficiency, 120leds\/m, lighting uniform without any lighting spot.","og_url":"https:\/\/essenled.com\/cs\/produkt\/120leds-5630-led-strip-super-brightness-10mm\/","og_site_name":"ESSENLED","article_modified_time":"2024-05-30T04:51:36+00:00","og_image":[{"width":1000,"height":1000,"url":"https:\/\/essenled.com\/wp-content\/uploads\/2024\/02\/120leds-led-strip-SMD-5630-Flexible-led-tape.webp","type":"image\/webp"}],"twitter_card":"summary_large_image","twitter_misc":{"Odhadovan\u00e1 doba \u010dten\u00ed":"1 minuta"},"schema":{"@context":"https:\/\/schema.org","@graph":[{"@type":"WebPage","@id":"https:\/\/essenled.com\/product\/120leds-5630-led-strip-super-brightness-10mm\/","url":"https:\/\/essenled.com\/product\/120leds-5630-led-strip-super-brightness-10mm\/","name":"120LEDs 5630 LED p\u00e1sek Super jas 24V 10MM - ESSENLED","isPartOf":{"@id":"https:\/\/essenled.com\/#website"},"primaryImageOfPage":{"@id":"https:\/\/essenled.com\/product\/120leds-5630-led-strip-super-brightness-10mm\/#primaryimage"},"image":{"@id":"https:\/\/essenled.com\/product\/120leds-5630-led-strip-super-brightness-10mm\/#primaryimage"},"thumbnailUrl":"https:\/\/essenled.com\/wp-content\/uploads\/2024\/02\/120leds-led-strip-SMD-5630-Flexible-led-tape.webp","datePublished":"2024-02-23T11:50:37+00:00","dateModified":"2024-05-30T04:51:36+00:00","description":"Super jas 5630 120leds\/m LED p\u00e1skov\u00e1 sv\u011btla, jas a energetick\u00e1 \u00fa\u010dinnost, 120leds\/m, rovnom\u011brn\u00e9 osv\u011btlen\u00ed bez sv\u011bteln\u00e9ho bodu.","breadcrumb":{"@id":"https:\/\/essenled.com\/product\/120leds-5630-led-strip-super-brightness-10mm\/#breadcrumb"},"inLanguage":"cs","potentialAction":[{"@type":"ReadAction","target":["https:\/\/essenled.com\/product\/120leds-5630-led-strip-super-brightness-10mm\/"]}]},{"@type":"ImageObject","inLanguage":"cs","@id":"https:\/\/essenled.com\/product\/120leds-5630-led-strip-super-brightness-10mm\/#primaryimage","url":"https:\/\/essenled.com\/wp-content\/uploads\/2024\/02\/120leds-led-strip-SMD-5630-Flexible-led-tape.webp","contentUrl":"https:\/\/essenled.com\/wp-content\/uploads\/2024\/02\/120leds-led-strip-SMD-5630-Flexible-led-tape.webp","width":1000,"height":1000,"caption":"120leds led strip SMD 5630 Flexible led tape"},{"@type":"BreadcrumbList","@id":"https:\/\/essenled.com\/product\/120leds-5630-led-strip-super-brightness-10mm\/#breadcrumb","itemListElement":[{"@type":"ListItem","position":1,"name":"Home","item":"https:\/\/essenled.com\/"},{"@type":"ListItem","position":2,"name":"Product","item":"https:\/\/essenled.com\/fr\/product\/"},{"@type":"ListItem","position":3,"name":"120LEDs 5630 LED Strip Super Brightness 24V 10MM"}]},{"@type":"WebSite","@id":"https:\/\/essenled.com\/#website","url":"https:\/\/essenled.com\/","name":"ESSENLED","description":"","publisher":{"@id":"https:\/\/essenled.com\/#organization"},"potentialAction":[{"@type":"SearchAction","target":{"@type":"EntryPoint","urlTemplate":"https:\/\/essenled.com\/?s={search_term_string}"},"query-input":{"@type":"PropertyValueSpecification","valueRequired":true,"valueName":"search_term_string"}}],"inLanguage":"cs"},{"@type":"Organization","@id":"https:\/\/essenled.com\/#organization","name":"ESSENLED","url":"https:\/\/essenled.com\/","logo":{"@type":"ImageObject","inLanguage":"cs","@id":"https:\/\/essenled.com\/#\/schema\/logo\/image\/","url":"https:\/\/essenled.com\/wp-content\/uploads\/2024\/01\/Essen-logo.png","contentUrl":"https:\/\/essenled.com\/wp-content\/uploads\/2024\/01\/Essen-logo.png","width":800,"height":110,"caption":"ESSENLED"},"image":{"@id":"https:\/\/essenled.com\/#\/schema\/logo\/image\/"}}]}},"_links":{"self":[{"href":"https:\/\/essenled.com\/cs\/wp-json\/wp\/v2\/product\/1067","targetHints":{"allow":["GET"]}}],"collection":[{"href":"https:\/\/essenled.com\/cs\/wp-json\/wp\/v2\/product"}],"about":[{"href":"https:\/\/essenled.com\/cs\/wp-json\/wp\/v2\/types\/product"}],"version-history":[{"count":1,"href":"https:\/\/essenled.com\/cs\/wp-json\/wp\/v2\/product\/1067\/revisions"}],"predecessor-version":[{"id":1074,"href":"https:\/\/essenled.com\/cs\/wp-json\/wp\/v2\/product\/1067\/revisions\/1074"}],"wp:featuredmedia":[{"embeddable":true,"href":"https:\/\/essenled.com\/cs\/wp-json\/wp\/v2\/media\/2079"}],"wp:attachment":[{"href":"https:\/\/essenled.com\/cs\/wp-json\/wp\/v2\/media?parent=1067"}],"wp:term":[{"taxonomy":"product_brand","embeddable":true,"href":"https:\/\/essenled.com\/cs\/wp-json\/wp\/v2\/product_brand?post=1067"},{"taxonomy":"product_cat","embeddable":true,"href":"https:\/\/essenled.com\/cs\/wp-json\/wp\/v2\/product_cat?post=1067"},{"taxonomy":"product_tag","embeddable":true,"href":"https:\/\/essenled.com\/cs\/wp-json\/wp\/v2\/product_tag?post=1067"}],"curies":[{"name":"wp","href":"https:\/\/api.w.org\/{rel}","templated":true}]}}